{"id":80,"date":"2021-11-21T21:19:21","date_gmt":"2021-11-21T20:19:21","guid":{"rendered":"https:\/\/www.jw-etancheite.ch\/?page_id=80"},"modified":"2024-11-24T15:24:07","modified_gmt":"2024-11-24T14:24:07","slug":"entretien","status":"publish","type":"page","link":"https:\/\/www.jw-etancheite.ch\/index.php\/entretien\/","title":{"rendered":"Entretien"},"content":{"rendered":"\n<div class=\"wp-block-cover is-light\" style=\"min-height:280px;aspect-ratio:unset;\"><span aria-hidden=\"true\" class=\"wp-block-cover__background has-background-dim-30 has-background-dim\"><\/span><img loading=\"lazy\" decoding=\"async\" width=\"2560\" height=\"1346\" class=\"wp-block-cover__image-background wp-image-251\" alt=\"\" src=\"https:\/\/www.jw-etancheite.ch\/wp-content\/uploads\/2021\/12\/TRAVAUX-IMAGE-DE-FOND-scaled.jpg\" data-object-fit=\"cover\" srcset=\"https:\/\/www.jw-etancheite.ch\/wp-content\/uploads\/2021\/12\/TRAVAUX-IMAGE-DE-FOND-scaled.jpg 2560w, https:\/\/www.jw-etancheite.ch\/wp-content\/uploads\/2021\/12\/TRAVAUX-IMAGE-DE-FOND-300x158.jpg 300w, https:\/\/www.jw-etancheite.ch\/wp-content\/uploads\/2021\/12\/TRAVAUX-IMAGE-DE-FOND-1024x538.jpg 1024w, https:\/\/www.jw-etancheite.ch\/wp-content\/uploads\/2021\/12\/TRAVAUX-IMAGE-DE-FOND-768x404.jpg 768w, https:\/\/www.jw-etancheite.ch\/wp-content\/uploads\/2021\/12\/TRAVAUX-IMAGE-DE-FOND-1536x808.jpg 1536w, https:\/\/www.jw-etancheite.ch\/wp-content\/uploads\/2021\/12\/TRAVAUX-IMAGE-DE-FOND-2048x1077.jpg 2048w\" sizes=\"auto, (max-width: 2560px) 100vw, 2560px\" \/><div class=\"wp-block-cover__inner-container is-layout-flow wp-block-cover-is-layout-flow\">\n<h1 class=\"wp-block-heading has-nv-site-bg-color has-text-color\">Entretien<\/h1>\n\n\n\n<div class=\"wp-block-buttons is-layout-flex wp-block-buttons-is-layout-flex\">\n<div class=\"wp-block-button is-style-secondary\"><a class=\"wp-block-button__link has-neve-link-hover-color-background-color has-background wp-element-button\" href=\"\/?pagename=contact\" style=\"border-radius:25px\" target=\"_blank\" rel=\"noreferrer noopener\">Contact<\/a><\/div>\n<\/div>\n\n\n\n<p><\/p>\n<\/div><\/div>\n\n\n\n<blockquote class=\"wp-block-quote is-layout-flow wp-block-quote-is-layout-flow\">\n<p>Le toit est expos\u00e9 \u00e0 toutes sortes d\u2019agressions ext\u00e9rieures qui mettent en p\u00e9ril sa fonction et son aspect (mousses, micro-organismes, chutes de feuilles). Les intemp\u00e9ries sont souvent responsables de d\u00e9g\u00e2ts plus ou moins importants.<\/p>\n\n\n\n<p>Un entretien r\u00e9gulier est indispensable pour garantir une longue dur\u00e9e de vie et un fonctionnement optimal.<\/p>\n<\/blockquote>\n\n\n\n<figure class=\"wp-block-gallery has-nested-images columns-default is-cropped wp-block-gallery-1 is-layout-flex wp-block-gallery-is-layout-flex\">\n<figure class=\"wp-block-image size-large\"><img loading=\"lazy\" decoding=\"async\" width=\"1024\" height=\"768\" data-id=\"285\" src=\"https:\/\/www.jw-etancheite.ch\/wp-content\/uploads\/2021\/12\/ENTRETIEN-Vegetation-invasive-toiture-plate-qui-merite-un-bon-entretien-photo-n\u00b01-1024x768.jpg\" alt=\"\" class=\"wp-image-285\" srcset=\"https:\/\/www.jw-etancheite.ch\/wp-content\/uploads\/2021\/12\/ENTRETIEN-Vegetation-invasive-toiture-plate-qui-merite-un-bon-entretien-photo-n\u00b01-1024x768.jpg 1024w, https:\/\/www.jw-etancheite.ch\/wp-content\/uploads\/2021\/12\/ENTRETIEN-Vegetation-invasive-toiture-plate-qui-merite-un-bon-entretien-photo-n\u00b01-300x225.jpg 300w, https:\/\/www.jw-etancheite.ch\/wp-content\/uploads\/2021\/12\/ENTRETIEN-Vegetation-invasive-toiture-plate-qui-merite-un-bon-entretien-photo-n\u00b01-768x576.jpg 768w, https:\/\/www.jw-etancheite.ch\/wp-content\/uploads\/2021\/12\/ENTRETIEN-Vegetation-invasive-toiture-plate-qui-merite-un-bon-entretien-photo-n\u00b01-1536x1152.jpg 1536w, https:\/\/www.jw-etancheite.ch\/wp-content\/uploads\/2021\/12\/ENTRETIEN-Vegetation-invasive-toiture-plate-qui-merite-un-bon-entretien-photo-n\u00b01.jpg 1600w\" sizes=\"auto, (max-width: 1024px) 100vw, 1024px\" \/><figcaption class=\"wp-element-caption\"> V\u00e9g\u00e9tation invasive sur toiture plate <\/figcaption><\/figure>\n\n\n\n<figure class=\"wp-block-image size-large\"><img loading=\"lazy\" decoding=\"async\" width=\"1024\" height=\"687\" data-id=\"257\" src=\"https:\/\/www.jw-etancheite.ch\/wp-content\/uploads\/2021\/12\/ENTRETIEN-Accumulation-de-feuilles-dans-un-encaissement-bis-1024x687.jpg\" alt=\"\" class=\"wp-image-257\" srcset=\"https:\/\/www.jw-etancheite.ch\/wp-content\/uploads\/2021\/12\/ENTRETIEN-Accumulation-de-feuilles-dans-un-encaissement-bis-1024x687.jpg 1024w, https:\/\/www.jw-etancheite.ch\/wp-content\/uploads\/2021\/12\/ENTRETIEN-Accumulation-de-feuilles-dans-un-encaissement-bis-300x201.jpg 300w, https:\/\/www.jw-etancheite.ch\/wp-content\/uploads\/2021\/12\/ENTRETIEN-Accumulation-de-feuilles-dans-un-encaissement-bis-768x515.jpg 768w, https:\/\/www.jw-etancheite.ch\/wp-content\/uploads\/2021\/12\/ENTRETIEN-Accumulation-de-feuilles-dans-un-encaissement-bis-1536x1031.jpg 1536w, https:\/\/www.jw-etancheite.ch\/wp-content\/uploads\/2021\/12\/ENTRETIEN-Accumulation-de-feuilles-dans-un-encaissement-bis-2048x1374.jpg 2048w\" sizes=\"auto, (max-width: 1024px) 100vw, 1024px\" \/><figcaption class=\"wp-element-caption\">Accumulation de feuilles dans un encaissement<\/figcaption><\/figure>\n\n\n\n<figure class=\"wp-block-image size-large\"><img loading=\"lazy\" decoding=\"async\" width=\"978\" height=\"1024\" data-id=\"117\" src=\"https:\/\/www.jw-etancheite.ch\/wp-content\/uploads\/2021\/11\/ENTRETIEN-Controle-et-nettoyage-des-ecoulements-ici-enracinement-dans-une-naissance-EP-bis-e1638611170437-978x1024.jpg\" alt=\"\" class=\"wp-image-117\" srcset=\"https:\/\/www.jw-etancheite.ch\/wp-content\/uploads\/2021\/11\/ENTRETIEN-Controle-et-nettoyage-des-ecoulements-ici-enracinement-dans-une-naissance-EP-bis-e1638611170437-978x1024.jpg 978w, https:\/\/www.jw-etancheite.ch\/wp-content\/uploads\/2021\/11\/ENTRETIEN-Controle-et-nettoyage-des-ecoulements-ici-enracinement-dans-une-naissance-EP-bis-e1638611170437-287x300.jpg 287w, https:\/\/www.jw-etancheite.ch\/wp-content\/uploads\/2021\/11\/ENTRETIEN-Controle-et-nettoyage-des-ecoulements-ici-enracinement-dans-une-naissance-EP-bis-e1638611170437-768x804.jpg 768w, https:\/\/www.jw-etancheite.ch\/wp-content\/uploads\/2021\/11\/ENTRETIEN-Controle-et-nettoyage-des-ecoulements-ici-enracinement-dans-une-naissance-EP-bis-e1638611170437.jpg 1200w\" sizes=\"auto, (max-width: 978px) 100vw, 978px\" \/><figcaption class=\"wp-element-caption\">Contr\u00f4le et nettoyage des \u00e9coulements<\/figcaption><\/figure>\n\n\n\n<figure class=\"wp-block-image size-large\"><img loading=\"lazy\" decoding=\"async\" width=\"1024\" height=\"768\" data-id=\"120\" src=\"https:\/\/www.jw-etancheite.ch\/wp-content\/uploads\/2021\/11\/ENTRETIEN-Vegetation-invasive-toiture-plate-qui-merite-un-bon-entretien-photo-n\u00b02-1024x768.jpg\" alt=\"\" class=\"wp-image-120\" srcset=\"https:\/\/www.jw-etancheite.ch\/wp-content\/uploads\/2021\/11\/ENTRETIEN-Vegetation-invasive-toiture-plate-qui-merite-un-bon-entretien-photo-n\u00b02-1024x768.jpg 1024w, https:\/\/www.jw-etancheite.ch\/wp-content\/uploads\/2021\/11\/ENTRETIEN-Vegetation-invasive-toiture-plate-qui-merite-un-bon-entretien-photo-n\u00b02-300x225.jpg 300w, https:\/\/www.jw-etancheite.ch\/wp-content\/uploads\/2021\/11\/ENTRETIEN-Vegetation-invasive-toiture-plate-qui-merite-un-bon-entretien-photo-n\u00b02-768x576.jpg 768w, https:\/\/www.jw-etancheite.ch\/wp-content\/uploads\/2021\/11\/ENTRETIEN-Vegetation-invasive-toiture-plate-qui-merite-un-bon-entretien-photo-n\u00b02-1536x1152.jpg 1536w, https:\/\/www.jw-etancheite.ch\/wp-content\/uploads\/2021\/11\/ENTRETIEN-Vegetation-invasive-toiture-plate-qui-merite-un-bon-entretien-photo-n\u00b02.jpg 1600w\" sizes=\"auto, (max-width: 1024px) 100vw, 1024px\" \/><figcaption class=\"wp-element-caption\">V\u00e9g\u00e9tation invasive sur toiture plate<\/figcaption><\/figure>\n\n\n\n<figure class=\"wp-block-image size-large\"><img loading=\"lazy\" decoding=\"async\" width=\"1024\" height=\"768\" data-id=\"118\" src=\"https:\/\/www.jw-etancheite.ch\/wp-content\/uploads\/2021\/11\/ENTRETIEN-Controle-et-nettoyage-des-ecoulements-ici-enracinement-dans-une-naissance-EP-1024x768.jpg\" alt=\"\" class=\"wp-image-118\" srcset=\"https:\/\/www.jw-etancheite.ch\/wp-content\/uploads\/2021\/11\/ENTRETIEN-Controle-et-nettoyage-des-ecoulements-ici-enracinement-dans-une-naissance-EP-1024x768.jpg 1024w, https:\/\/www.jw-etancheite.ch\/wp-content\/uploads\/2021\/11\/ENTRETIEN-Controle-et-nettoyage-des-ecoulements-ici-enracinement-dans-une-naissance-EP-300x225.jpg 300w, https:\/\/www.jw-etancheite.ch\/wp-content\/uploads\/2021\/11\/ENTRETIEN-Controle-et-nettoyage-des-ecoulements-ici-enracinement-dans-une-naissance-EP-768x576.jpg 768w, https:\/\/www.jw-etancheite.ch\/wp-content\/uploads\/2021\/11\/ENTRETIEN-Controle-et-nettoyage-des-ecoulements-ici-enracinement-dans-une-naissance-EP-1536x1152.jpg 1536w, https:\/\/www.jw-etancheite.ch\/wp-content\/uploads\/2021\/11\/ENTRETIEN-Controle-et-nettoyage-des-ecoulements-ici-enracinement-dans-une-naissance-EP.jpg 1600w\" sizes=\"auto, (max-width: 1024px) 100vw, 1024px\" \/><figcaption class=\"wp-element-caption\">Contr\u00f4le et nettoyage des \u00e9coulements<\/figcaption><\/figure>\n<\/figure>\n\n\n\n<div style=\"height:100px\" aria-hidden=\"true\" class=\"wp-block-spacer\"><\/div>\n\n\n\n<div class=\"wp-block-group\"><div class=\"wp-block-group__inner-container is-layout-flow wp-block-group-is-layout-flow\">\n<div class=\"wp-block-columns is-layout-flex wp-container-core-columns-is-layout-9d6595d7 wp-block-columns-is-layout-flex\">\n<div class=\"wp-block-column is-layout-flow wp-block-column-is-layout-flow\"><div class=\"wp-block-image icon-style is-style-default\">\n<figure class=\"aligncenter size-full\"><img loading=\"lazy\" decoding=\"async\" width=\"49\" height=\"69\" src=\"https:\/\/www.jw-etancheite.ch\/wp-content\/uploads\/2021\/11\/Icone-devis-g-Rouge.png\" alt=\"\" class=\"wp-image-66\"\/><\/figure>\n<\/div>\n\n\n<h3 class=\"wp-block-heading has-text-align-center has-neve-text-color-color has-text-color\">Devis Gratuit<\/h3>\n\n\n\n<div style=\"height:20px\" aria-hidden=\"true\" class=\"wp-block-spacer\"><\/div>\n<\/div>\n\n\n\n<div class=\"wp-block-column is-layout-flow wp-block-column-is-layout-flow\"><div class=\"wp-block-image icon-style is-style-default\">\n<figure class=\"aligncenter size-full\"><img loading=\"lazy\" decoding=\"async\" width=\"70\" height=\"69\" src=\"https:\/\/www.jw-etancheite.ch\/wp-content\/uploads\/2021\/11\/Icone-urgence-Rouge.png\" alt=\"\" class=\"wp-image-71\"\/><\/figure>\n<\/div>\n\n\n<h3 class=\"wp-block-heading has-text-align-center has-neve-text-color-color has-text-color\">Urgence &lt;24h<\/h3>\n\n\n\n<div style=\"height:20px\" aria-hidden=\"true\" class=\"wp-block-spacer\"><\/div>\n<\/div>\n\n\n\n<div class=\"wp-block-column is-layout-flow wp-block-column-is-layout-flow\"><div class=\"wp-block-image icon-style is-style-default\">\n<figure class=\"aligncenter size-full\"><img loading=\"lazy\" decoding=\"async\" width=\"97\" height=\"69\" src=\"https:\/\/www.jw-etancheite.ch\/wp-content\/uploads\/2021\/11\/Icone-Conseils-Rouge.png\" alt=\"\" class=\"wp-image-68\"\/><\/figure>\n<\/div>\n\n\n<h3 class=\"wp-block-heading has-text-align-center has-neve-text-color-color has-text-color\">Conseils personnalis\u00e9s<\/h3>\n\n\n\n<div style=\"height:20px\" aria-hidden=\"true\" class=\"wp-block-spacer\"><\/div>\n<\/div>\n\n\n\n<div class=\"wp-block-column is-layout-flow wp-block-column-is-layout-flow\"><div class=\"wp-block-image icon-style is-style-default\">\n<figure class=\"aligncenter size-full\"><img loading=\"lazy\" decoding=\"async\" width=\"108\" height=\"69\" src=\"https:\/\/www.jw-etancheite.ch\/wp-content\/uploads\/2021\/11\/Icone-Contrat-Rouge.png\" alt=\"\" class=\"wp-image-69\"\/><\/figure>\n<\/div>\n\n\n<h3 class=\"wp-block-heading has-text-align-center has-neve-text-color-color has-text-color\">Contrat d&rsquo;entretien<\/h3>\n\n\n\n<div style=\"height:20px\" aria-hidden=\"true\" class=\"wp-block-spacer\"><\/div>\n<\/div>\n\n\n\n<div class=\"wp-block-column is-layout-flow wp-block-column-is-layout-flow\"><div class=\"wp-block-image icon-style is-style-default\">\n<figure class=\"aligncenter size-full\"><img loading=\"lazy\" decoding=\"async\" width=\"53\" height=\"69\" src=\"https:\/\/www.jw-etancheite.ch\/wp-content\/uploads\/2021\/11\/Icone-Ouvrier-Rouge.png\" alt=\"\" class=\"wp-image-70\"\/><\/figure>\n<\/div>\n\n\n<h3 class=\"wp-block-heading has-text-align-center has-neve-text-color-color has-text-color\">Ouvrier Qualifi\u00e9<\/h3>\n\n\n\n<div style=\"height:20px\" aria-hidden=\"true\" class=\"wp-block-spacer\"><\/div>\n<\/div>\n<\/div>\n<\/div><\/div>\n","protected":false},"excerpt":{"rendered":"<p>Le toit est expos\u00e9 \u00e0 toutes sortes d\u2019agressions ext\u00e9rieures qui mettent en p\u00e9ril sa fonction et son aspect (mousses, micro-organismes, chutes de feuilles). Les intemp\u00e9ries sont souvent responsables de d\u00e9g\u00e2ts plus ou moins importants. Un entretien r\u00e9gulier est indispensable pour garantir une longue dur\u00e9e de vie et un fonctionnement optimal. Devis Gratuit Urgence &lt;24h Conseils&hellip;&nbsp;<a href=\"https:\/\/www.jw-etancheite.ch\/index.php\/entretien\/\" rel=\"bookmark\">Lire la suite &raquo;<span class=\"screen-reader-text\">Entretien<\/span><\/a><\/p>\n","protected":false},"author":2,"featured_media":0,"parent":0,"menu_order":0,"comment_status":"closed","ping_status":"closed","template":"","meta":{"neve_meta_sidebar":"","neve_meta_container":"","neve_meta_enable_content_width":"","neve_meta_content_width":0,"neve_meta_title_alignment":"","neve_meta_author_avatar":"","neve_post_elements_order":"","neve_meta_disable_header":"off","neve_meta_disable_footer":"","neve_meta_disable_title":"on","footnotes":""},"class_list":["post-80","page","type-page","status-publish","hentry"],"yoast_head":"<!-- This site is optimized with the Yoast SEO plugin v27.4 - https:\/\/yoast.com\/product\/yoast-seo-wordpress\/ -->\n<title>Entretien - JW ETANCHEITE<\/title>\n<meta name=\"description\" content=\"Assurez la long\u00e9vit\u00e9 de vos installations avec notre service d&#039;entretien. Nos experts interviennent pour pr\u00e9venir et r\u00e9parer les fuites.\" \/>\n<meta name=\"robots\" content=\"index, follow, max-snippet:-1, max-image-preview:large, max-video-preview:-1\" \/>\n<link rel=\"canonical\" href=\"https:\/\/www.jw-etancheite.ch\/index.php\/entretien\/\" \/>\n<meta property=\"og:locale\" content=\"fr_FR\" \/>\n<meta property=\"og:type\" content=\"article\" \/>\n<meta property=\"og:title\" content=\"Entretien - JW ETANCHEITE\" \/>\n<meta property=\"og:description\" content=\"Assurez la long\u00e9vit\u00e9 de vos installations avec notre service d&#039;entretien. Nos experts interviennent pour pr\u00e9venir et r\u00e9parer les fuites.\" \/>\n<meta property=\"og:url\" content=\"https:\/\/www.jw-etancheite.ch\/index.php\/entretien\/\" \/>\n<meta property=\"og:site_name\" content=\"JW ETANCHEITE\" \/>\n<meta property=\"article:modified_time\" content=\"2024-11-24T14:24:07+00:00\" \/>\n<meta property=\"og:image\" content=\"https:\/\/www.jw-etancheite.ch\/wp-content\/uploads\/2021\/12\/TRAVAUX-IMAGE-DE-FOND-scaled.jpg\" \/>\n\t<meta property=\"og:image:width\" content=\"2560\" \/>\n\t<meta property=\"og:image:height\" content=\"1346\" \/>\n\t<meta property=\"og:image:type\" content=\"image\/jpeg\" \/>\n<meta name=\"twitter:card\" content=\"summary_large_image\" \/>\n<meta name=\"twitter:label1\" content=\"Dur\u00e9e de lecture estim\u00e9e\" \/>\n\t<meta name=\"twitter:data1\" content=\"3 minutes\" \/>\n<script type=\"application\/ld+json\" class=\"yoast-schema-graph\">{\"@context\":\"https:\\\/\\\/schema.org\",\"@graph\":[{\"@type\":\"WebPage\",\"@id\":\"https:\\\/\\\/www.jw-etancheite.ch\\\/index.php\\\/entretien\\\/\",\"url\":\"https:\\\/\\\/www.jw-etancheite.ch\\\/index.php\\\/entretien\\\/\",\"name\":\"Entretien - JW ETANCHEITE\",\"isPartOf\":{\"@id\":\"https:\\\/\\\/www.jw-etancheite.ch\\\/#website\"},\"primaryImageOfPage\":{\"@id\":\"https:\\\/\\\/www.jw-etancheite.ch\\\/index.php\\\/entretien\\\/#primaryimage\"},\"image\":{\"@id\":\"https:\\\/\\\/www.jw-etancheite.ch\\\/index.php\\\/entretien\\\/#primaryimage\"},\"thumbnailUrl\":\"https:\\\/\\\/www.jw-etancheite.ch\\\/wp-content\\\/uploads\\\/2021\\\/12\\\/TRAVAUX-IMAGE-DE-FOND-scaled.jpg\",\"datePublished\":\"2021-11-21T20:19:21+00:00\",\"dateModified\":\"2024-11-24T14:24:07+00:00\",\"description\":\"Assurez la long\u00e9vit\u00e9 de vos installations avec notre service d'entretien. Nos experts interviennent pour pr\u00e9venir et r\u00e9parer les fuites.\",\"breadcrumb\":{\"@id\":\"https:\\\/\\\/www.jw-etancheite.ch\\\/index.php\\\/entretien\\\/#breadcrumb\"},\"inLanguage\":\"fr-FR\",\"potentialAction\":[{\"@type\":\"ReadAction\",\"target\":[\"https:\\\/\\\/www.jw-etancheite.ch\\\/index.php\\\/entretien\\\/\"]}]},{\"@type\":\"ImageObject\",\"inLanguage\":\"fr-FR\",\"@id\":\"https:\\\/\\\/www.jw-etancheite.ch\\\/index.php\\\/entretien\\\/#primaryimage\",\"url\":\"https:\\\/\\\/www.jw-etancheite.ch\\\/wp-content\\\/uploads\\\/2021\\\/12\\\/TRAVAUX-IMAGE-DE-FOND-scaled.jpg\",\"contentUrl\":\"https:\\\/\\\/www.jw-etancheite.ch\\\/wp-content\\\/uploads\\\/2021\\\/12\\\/TRAVAUX-IMAGE-DE-FOND-scaled.jpg\",\"width\":2560,\"height\":1346},{\"@type\":\"BreadcrumbList\",\"@id\":\"https:\\\/\\\/www.jw-etancheite.ch\\\/index.php\\\/entretien\\\/#breadcrumb\",\"itemListElement\":[{\"@type\":\"ListItem\",\"position\":1,\"name\":\"Accueil\",\"item\":\"https:\\\/\\\/www.jw-etancheite.ch\\\/\"},{\"@type\":\"ListItem\",\"position\":2,\"name\":\"Entretien\"}]},{\"@type\":\"WebSite\",\"@id\":\"https:\\\/\\\/www.jw-etancheite.ch\\\/#website\",\"url\":\"https:\\\/\\\/www.jw-etancheite.ch\\\/\",\"name\":\"JW ETANCHEITE\",\"description\":\"La qualit\u00e9 du service avant tout\",\"publisher\":{\"@id\":\"https:\\\/\\\/www.jw-etancheite.ch\\\/#organization\"},\"potentialAction\":[{\"@type\":\"SearchAction\",\"target\":{\"@type\":\"EntryPoint\",\"urlTemplate\":\"https:\\\/\\\/www.jw-etancheite.ch\\\/?s={search_term_string}\"},\"query-input\":{\"@type\":\"PropertyValueSpecification\",\"valueRequired\":true,\"valueName\":\"search_term_string\"}}],\"inLanguage\":\"fr-FR\"},{\"@type\":\"Organization\",\"@id\":\"https:\\\/\\\/www.jw-etancheite.ch\\\/#organization\",\"name\":\"JW ETANCHEITE\",\"url\":\"https:\\\/\\\/www.jw-etancheite.ch\\\/\",\"logo\":{\"@type\":\"ImageObject\",\"inLanguage\":\"fr-FR\",\"@id\":\"https:\\\/\\\/www.jw-etancheite.ch\\\/#\\\/schema\\\/logo\\\/image\\\/\",\"url\":\"https:\\\/\\\/www.jw-etancheite.ch\\\/wp-content\\\/uploads\\\/2021\\\/11\\\/cropped-cropped-logo-jw-etancheite-fond-e1638542175981.png\",\"contentUrl\":\"https:\\\/\\\/www.jw-etancheite.ch\\\/wp-content\\\/uploads\\\/2021\\\/11\\\/cropped-cropped-logo-jw-etancheite-fond-e1638542175981.png\",\"width\":2979,\"height\":1381,\"caption\":\"JW ETANCHEITE\"},\"image\":{\"@id\":\"https:\\\/\\\/www.jw-etancheite.ch\\\/#\\\/schema\\\/logo\\\/image\\\/\"}}]}<\/script>\n<!-- \/ Yoast SEO plugin. -->","yoast_head_json":{"title":"Entretien - JW ETANCHEITE","description":"Assurez la long\u00e9vit\u00e9 de vos installations avec notre service d'entretien. Nos experts interviennent pour pr\u00e9venir et r\u00e9parer les fuites.","robots":{"index":"index","follow":"follow","max-snippet":"max-snippet:-1","max-image-preview":"max-image-preview:large","max-video-preview":"max-video-preview:-1"},"canonical":"https:\/\/www.jw-etancheite.ch\/index.php\/entretien\/","og_locale":"fr_FR","og_type":"article","og_title":"Entretien - JW ETANCHEITE","og_description":"Assurez la long\u00e9vit\u00e9 de vos installations avec notre service d'entretien. Nos experts interviennent pour pr\u00e9venir et r\u00e9parer les fuites.","og_url":"https:\/\/www.jw-etancheite.ch\/index.php\/entretien\/","og_site_name":"JW ETANCHEITE","article_modified_time":"2024-11-24T14:24:07+00:00","og_image":[{"width":2560,"height":1346,"url":"https:\/\/www.jw-etancheite.ch\/wp-content\/uploads\/2021\/12\/TRAVAUX-IMAGE-DE-FOND-scaled.jpg","type":"image\/jpeg"}],"twitter_card":"summary_large_image","twitter_misc":{"Dur\u00e9e de lecture estim\u00e9e":"3 minutes"},"schema":{"@context":"https:\/\/schema.org","@graph":[{"@type":"WebPage","@id":"https:\/\/www.jw-etancheite.ch\/index.php\/entretien\/","url":"https:\/\/www.jw-etancheite.ch\/index.php\/entretien\/","name":"Entretien - JW ETANCHEITE","isPartOf":{"@id":"https:\/\/www.jw-etancheite.ch\/#website"},"primaryImageOfPage":{"@id":"https:\/\/www.jw-etancheite.ch\/index.php\/entretien\/#primaryimage"},"image":{"@id":"https:\/\/www.jw-etancheite.ch\/index.php\/entretien\/#primaryimage"},"thumbnailUrl":"https:\/\/www.jw-etancheite.ch\/wp-content\/uploads\/2021\/12\/TRAVAUX-IMAGE-DE-FOND-scaled.jpg","datePublished":"2021-11-21T20:19:21+00:00","dateModified":"2024-11-24T14:24:07+00:00","description":"Assurez la long\u00e9vit\u00e9 de vos installations avec notre service d'entretien. Nos experts interviennent pour pr\u00e9venir et r\u00e9parer les fuites.","breadcrumb":{"@id":"https:\/\/www.jw-etancheite.ch\/index.php\/entretien\/#breadcrumb"},"inLanguage":"fr-FR","potentialAction":[{"@type":"ReadAction","target":["https:\/\/www.jw-etancheite.ch\/index.php\/entretien\/"]}]},{"@type":"ImageObject","inLanguage":"fr-FR","@id":"https:\/\/www.jw-etancheite.ch\/index.php\/entretien\/#primaryimage","url":"https:\/\/www.jw-etancheite.ch\/wp-content\/uploads\/2021\/12\/TRAVAUX-IMAGE-DE-FOND-scaled.jpg","contentUrl":"https:\/\/www.jw-etancheite.ch\/wp-content\/uploads\/2021\/12\/TRAVAUX-IMAGE-DE-FOND-scaled.jpg","width":2560,"height":1346},{"@type":"BreadcrumbList","@id":"https:\/\/www.jw-etancheite.ch\/index.php\/entretien\/#breadcrumb","itemListElement":[{"@type":"ListItem","position":1,"name":"Accueil","item":"https:\/\/www.jw-etancheite.ch\/"},{"@type":"ListItem","position":2,"name":"Entretien"}]},{"@type":"WebSite","@id":"https:\/\/www.jw-etancheite.ch\/#website","url":"https:\/\/www.jw-etancheite.ch\/","name":"JW ETANCHEITE","description":"La qualit\u00e9 du service avant tout","publisher":{"@id":"https:\/\/www.jw-etancheite.ch\/#organization"},"potentialAction":[{"@type":"SearchAction","target":{"@type":"EntryPoint","urlTemplate":"https:\/\/www.jw-etancheite.ch\/?s={search_term_string}"},"query-input":{"@type":"PropertyValueSpecification","valueRequired":true,"valueName":"search_term_string"}}],"inLanguage":"fr-FR"},{"@type":"Organization","@id":"https:\/\/www.jw-etancheite.ch\/#organization","name":"JW ETANCHEITE","url":"https:\/\/www.jw-etancheite.ch\/","logo":{"@type":"ImageObject","inLanguage":"fr-FR","@id":"https:\/\/www.jw-etancheite.ch\/#\/schema\/logo\/image\/","url":"https:\/\/www.jw-etancheite.ch\/wp-content\/uploads\/2021\/11\/cropped-cropped-logo-jw-etancheite-fond-e1638542175981.png","contentUrl":"https:\/\/www.jw-etancheite.ch\/wp-content\/uploads\/2021\/11\/cropped-cropped-logo-jw-etancheite-fond-e1638542175981.png","width":2979,"height":1381,"caption":"JW ETANCHEITE"},"image":{"@id":"https:\/\/www.jw-etancheite.ch\/#\/schema\/logo\/image\/"}}]}},"_links":{"self":[{"href":"https:\/\/www.jw-etancheite.ch\/index.php\/wp-json\/wp\/v2\/pages\/80","targetHints":{"allow":["GET"]}}],"collection":[{"href":"https:\/\/www.jw-etancheite.ch\/index.php\/wp-json\/wp\/v2\/pages"}],"about":[{"href":"https:\/\/www.jw-etancheite.ch\/index.php\/wp-json\/wp\/v2\/types\/page"}],"author":[{"embeddable":true,"href":"https:\/\/www.jw-etancheite.ch\/index.php\/wp-json\/wp\/v2\/users\/2"}],"replies":[{"embeddable":true,"href":"https:\/\/www.jw-etancheite.ch\/index.php\/wp-json\/wp\/v2\/comments?post=80"}],"version-history":[{"count":20,"href":"https:\/\/www.jw-etancheite.ch\/index.php\/wp-json\/wp\/v2\/pages\/80\/revisions"}],"predecessor-version":[{"id":621,"href":"https:\/\/www.jw-etancheite.ch\/index.php\/wp-json\/wp\/v2\/pages\/80\/revisions\/621"}],"wp:attachment":[{"href":"https:\/\/www.jw-etancheite.ch\/index.php\/wp-json\/wp\/v2\/media?parent=80"}],"curies":[{"name":"wp","href":"https:\/\/api.w.org\/{rel}","templated":true}]}}