{"id":78,"date":"2021-11-21T21:18:50","date_gmt":"2021-11-21T20:18:50","guid":{"rendered":"https:\/\/www.jw-etancheite.ch\/?page_id=78"},"modified":"2023-06-29T13:13:49","modified_gmt":"2023-06-29T11:13:49","slug":"securite","status":"publish","type":"page","link":"https:\/\/www.jw-etancheite.ch\/index.php\/securite\/","title":{"rendered":"S\u00e9curit\u00e9"},"content":{"rendered":"\n<div class=\"wp-block-cover is-light\" style=\"min-height:281px;aspect-ratio:unset;\"><span aria-hidden=\"true\" class=\"wp-block-cover__background has-background-dim-20 has-background-dim\"><\/span><img loading=\"lazy\" decoding=\"async\" width=\"2144\" height=\"682\" class=\"wp-block-cover__image-background wp-image-271\" alt=\"\" src=\"https:\/\/www.jw-etancheite.ch\/wp-content\/uploads\/2021\/12\/SECURITE-IMAGE-DE-FOND-bis.png\" style=\"object-position:52% 79%\" data-object-fit=\"cover\" data-object-position=\"52% 79%\" srcset=\"https:\/\/www.jw-etancheite.ch\/wp-content\/uploads\/2021\/12\/SECURITE-IMAGE-DE-FOND-bis.png 2144w, https:\/\/www.jw-etancheite.ch\/wp-content\/uploads\/2021\/12\/SECURITE-IMAGE-DE-FOND-bis-300x95.png 300w, https:\/\/www.jw-etancheite.ch\/wp-content\/uploads\/2021\/12\/SECURITE-IMAGE-DE-FOND-bis-1024x326.png 1024w, https:\/\/www.jw-etancheite.ch\/wp-content\/uploads\/2021\/12\/SECURITE-IMAGE-DE-FOND-bis-768x244.png 768w, https:\/\/www.jw-etancheite.ch\/wp-content\/uploads\/2021\/12\/SECURITE-IMAGE-DE-FOND-bis-1536x489.png 1536w, https:\/\/www.jw-etancheite.ch\/wp-content\/uploads\/2021\/12\/SECURITE-IMAGE-DE-FOND-bis-2048x651.png 2048w\" sizes=\"auto, (max-width: 2144px) 100vw, 2144px\" \/><div class=\"wp-block-cover__inner-container is-layout-flow wp-block-cover-is-layout-flow\">\n<h1 class=\"wp-block-heading has-nv-site-bg-color has-text-color\">S\u00e9curit\u00e9<\/h1>\n\n\n\n<div class=\"wp-block-buttons is-layout-flex wp-block-buttons-is-layout-flex\">\n<div class=\"wp-block-button is-style-secondary\"><a class=\"wp-block-button__link has-neve-link-hover-color-background-color has-background wp-element-button\" href=\"\/?pagename=contact\" style=\"border-radius:25px\" target=\"_blank\" rel=\"noreferrer noopener\">Contact<\/a><\/div>\n<\/div>\n\n\n\n<p><\/p>\n<\/div><\/div>\n\n\n\n<blockquote class=\"wp-block-quote is-layout-flow wp-block-quote-is-layout-flow\">\n<p>Le propri\u00e9taire d\u2019un b\u00e2timent ou de tout autre ouvrage r\u00e9pond du dommage caus\u00e9 par des vices de construction ou par le d\u00e9faut d\u2019entretien. Selon le code des obligations, art. 58 E al.1<\/p>\n\n\n\n<p>Notre soci\u00e9t\u00e9 propose l\u2019\u00e9tude et la mise en place de syst\u00e8mes de protections collectives et individuelles (garde-corps, ligne de vie, \u00e9chelles, passerelles, saut de loup, points d\u2019ancrage\u2026) pour permettre une intervention rapide, s\u00e9curis\u00e9e et efficace.<\/p>\n<\/blockquote>\n\n\n\n<figure class=\"wp-block-gallery has-nested-images columns-default is-cropped wp-block-gallery-1 is-layout-flex wp-block-gallery-is-layout-flex\">\n<figure class=\"wp-block-image size-large\"><img loading=\"lazy\" decoding=\"async\" width=\"700\" height=\"698\" data-id=\"165\" src=\"https:\/\/www.jw-etancheite.ch\/wp-content\/uploads\/2021\/11\/SECURITE-Garde-corps-autoportant-2.png\" alt=\"\" class=\"wp-image-165\" srcset=\"https:\/\/www.jw-etancheite.ch\/wp-content\/uploads\/2021\/11\/SECURITE-Garde-corps-autoportant-2.png 700w, https:\/\/www.jw-etancheite.ch\/wp-content\/uploads\/2021\/11\/SECURITE-Garde-corps-autoportant-2-300x300.png 300w, https:\/\/www.jw-etancheite.ch\/wp-content\/uploads\/2021\/11\/SECURITE-Garde-corps-autoportant-2-150x150.png 150w\" sizes=\"auto, (max-width: 700px) 100vw, 700px\" \/><figcaption class=\"wp-element-caption\">Garde corps autoportant<\/figcaption><\/figure>\n\n\n\n<figure class=\"wp-block-image size-large\"><img loading=\"lazy\" decoding=\"async\" width=\"649\" height=\"571\" data-id=\"164\" src=\"https:\/\/www.jw-etancheite.ch\/wp-content\/uploads\/2021\/11\/SECURITE-Garde-corps-autoportant-1-e1638613483842.png\" alt=\"\" class=\"wp-image-164\" srcset=\"https:\/\/www.jw-etancheite.ch\/wp-content\/uploads\/2021\/11\/SECURITE-Garde-corps-autoportant-1-e1638613483842.png 649w, https:\/\/www.jw-etancheite.ch\/wp-content\/uploads\/2021\/11\/SECURITE-Garde-corps-autoportant-1-e1638613483842-300x264.png 300w\" sizes=\"auto, (max-width: 649px) 100vw, 649px\" \/><figcaption class=\"wp-element-caption\">Garde corps autoportant<\/figcaption><\/figure>\n\n\n\n<figure class=\"wp-block-image size-large\"><img loading=\"lazy\" decoding=\"async\" width=\"604\" height=\"519\" data-id=\"274\" src=\"https:\/\/www.jw-etancheite.ch\/wp-content\/uploads\/2021\/12\/SECURITE-Ligne-de-vie.png\" alt=\"\" class=\"wp-image-274\" srcset=\"https:\/\/www.jw-etancheite.ch\/wp-content\/uploads\/2021\/12\/SECURITE-Ligne-de-vie.png 604w, https:\/\/www.jw-etancheite.ch\/wp-content\/uploads\/2021\/12\/SECURITE-Ligne-de-vie-300x258.png 300w\" sizes=\"auto, (max-width: 604px) 100vw, 604px\" \/><figcaption class=\"wp-element-caption\">Ligne de vie<\/figcaption><\/figure>\n<\/figure>\n\n\n\n<div style=\"height:100px\" aria-hidden=\"true\" class=\"wp-block-spacer\"><\/div>\n\n\n\n<div class=\"wp-block-group\"><div class=\"wp-block-group__inner-container is-layout-flow wp-block-group-is-layout-flow\">\n<div class=\"wp-block-columns is-layout-flex wp-container-core-columns-is-layout-9d6595d7 wp-block-columns-is-layout-flex\">\n<div class=\"wp-block-column is-layout-flow wp-block-column-is-layout-flow\"><div class=\"wp-block-image icon-style is-style-default\">\n<figure class=\"aligncenter size-full\"><img loading=\"lazy\" decoding=\"async\" width=\"49\" height=\"69\" src=\"https:\/\/www.jw-etancheite.ch\/wp-content\/uploads\/2021\/11\/Icone-devis-g-Rouge.png\" alt=\"\" class=\"wp-image-66\"\/><\/figure>\n<\/div>\n\n\n<h3 class=\"wp-block-heading has-text-align-center has-neve-text-color-color has-text-color\">Devis Gratuit<\/h3>\n\n\n\n<div style=\"height:20px\" aria-hidden=\"true\" class=\"wp-block-spacer\"><\/div>\n<\/div>\n\n\n\n<div class=\"wp-block-column is-layout-flow wp-block-column-is-layout-flow\"><div class=\"wp-block-image icon-style is-style-default\">\n<figure class=\"aligncenter size-full\"><img loading=\"lazy\" decoding=\"async\" width=\"70\" height=\"69\" src=\"https:\/\/www.jw-etancheite.ch\/wp-content\/uploads\/2021\/11\/Icone-urgence-Rouge.png\" alt=\"\" class=\"wp-image-71\"\/><\/figure>\n<\/div>\n\n\n<h3 class=\"wp-block-heading has-text-align-center has-neve-text-color-color has-text-color\">Urgence &lt;24h<\/h3>\n\n\n\n<div style=\"height:20px\" aria-hidden=\"true\" class=\"wp-block-spacer\"><\/div>\n<\/div>\n\n\n\n<div class=\"wp-block-column is-layout-flow wp-block-column-is-layout-flow\"><div class=\"wp-block-image icon-style is-style-default\">\n<figure class=\"aligncenter size-full\"><img loading=\"lazy\" decoding=\"async\" width=\"97\" height=\"69\" src=\"https:\/\/www.jw-etancheite.ch\/wp-content\/uploads\/2021\/11\/Icone-Conseils-Rouge.png\" alt=\"\" class=\"wp-image-68\"\/><\/figure>\n<\/div>\n\n\n<h3 class=\"wp-block-heading has-text-align-center has-neve-text-color-color has-text-color\">Conseils personnalis\u00e9s<\/h3>\n\n\n\n<div style=\"height:20px\" aria-hidden=\"true\" class=\"wp-block-spacer\"><\/div>\n<\/div>\n\n\n\n<div class=\"wp-block-column is-layout-flow wp-block-column-is-layout-flow\"><div class=\"wp-block-image icon-style is-style-default\">\n<figure class=\"aligncenter size-full\"><img loading=\"lazy\" decoding=\"async\" width=\"108\" height=\"69\" src=\"https:\/\/www.jw-etancheite.ch\/wp-content\/uploads\/2021\/11\/Icone-Contrat-Rouge.png\" alt=\"\" class=\"wp-image-69\"\/><\/figure>\n<\/div>\n\n\n<h3 class=\"wp-block-heading has-text-align-center has-neve-text-color-color has-text-color\">Contrat d&rsquo;entretien<\/h3>\n\n\n\n<div style=\"height:20px\" aria-hidden=\"true\" class=\"wp-block-spacer\"><\/div>\n<\/div>\n\n\n\n<div class=\"wp-block-column is-layout-flow wp-block-column-is-layout-flow\"><div class=\"wp-block-image icon-style is-style-default\">\n<figure class=\"aligncenter size-full\"><img loading=\"lazy\" decoding=\"async\" width=\"53\" height=\"69\" src=\"https:\/\/www.jw-etancheite.ch\/wp-content\/uploads\/2021\/11\/Icone-Ouvrier-Rouge.png\" alt=\"\" class=\"wp-image-70\"\/><\/figure>\n<\/div>\n\n\n<h3 class=\"wp-block-heading has-text-align-center has-neve-text-color-color has-text-color\">Ouvrier Qualifi\u00e9<\/h3>\n\n\n\n<div style=\"height:20px\" aria-hidden=\"true\" class=\"wp-block-spacer\"><\/div>\n<\/div>\n<\/div>\n<\/div><\/div>\n","protected":false},"excerpt":{"rendered":"<p>Le propri\u00e9taire d\u2019un b\u00e2timent ou de tout autre ouvrage r\u00e9pond du dommage caus\u00e9 par des vices de construction ou par le d\u00e9faut d\u2019entretien. Selon le code des obligations, art. 58 E al.1 Notre soci\u00e9t\u00e9 propose l\u2019\u00e9tude et la mise en place de syst\u00e8mes de protections collectives et individuelles (garde-corps, ligne de vie, \u00e9chelles, passerelles, saut&hellip;&nbsp;<a href=\"https:\/\/www.jw-etancheite.ch\/index.php\/securite\/\" rel=\"bookmark\">Lire la suite &raquo;<span class=\"screen-reader-text\">S\u00e9curit\u00e9<\/span><\/a><\/p>\n","protected":false},"author":2,"featured_media":0,"parent":0,"menu_order":0,"comment_status":"closed","ping_status":"closed","template":"","meta":{"neve_meta_sidebar":"","neve_meta_container":"","neve_meta_enable_content_width":"","neve_meta_content_width":0,"neve_meta_title_alignment":"","neve_meta_author_avatar":"","neve_post_elements_order":"","neve_meta_disable_header":"","neve_meta_disable_footer":"","neve_meta_disable_title":"on","footnotes":""},"class_list":["post-78","page","type-page","status-publish","hentry"],"yoast_head":"<!-- This site is optimized with the Yoast SEO plugin v27.3 - https:\/\/yoast.com\/product\/yoast-seo-wordpress\/ -->\n<title>S\u00e9curit\u00e9 - JW ETANCHEITE<\/title>\n<meta name=\"robots\" content=\"index, follow, max-snippet:-1, max-image-preview:large, max-video-preview:-1\" \/>\n<link rel=\"canonical\" href=\"https:\/\/www.jw-etancheite.ch\/index.php\/securite\/\" \/>\n<meta property=\"og:locale\" content=\"fr_FR\" \/>\n<meta property=\"og:type\" content=\"article\" \/>\n<meta property=\"og:title\" content=\"S\u00e9curit\u00e9 - JW ETANCHEITE\" \/>\n<meta property=\"og:description\" content=\"Le propri\u00e9taire d\u2019un b\u00e2timent ou de tout autre ouvrage r\u00e9pond du dommage caus\u00e9 par des vices de construction ou par le d\u00e9faut d\u2019entretien. Selon le code des obligations, art. 58 E al.1 Notre soci\u00e9t\u00e9 propose l\u2019\u00e9tude et la mise en place de syst\u00e8mes de protections collectives et individuelles (garde-corps, ligne de vie, \u00e9chelles, passerelles, saut&hellip;&nbsp;Lire la suite &raquo;S\u00e9curit\u00e9\" \/>\n<meta property=\"og:url\" content=\"https:\/\/www.jw-etancheite.ch\/index.php\/securite\/\" \/>\n<meta property=\"og:site_name\" content=\"JW ETANCHEITE\" \/>\n<meta property=\"article:modified_time\" content=\"2023-06-29T11:13:49+00:00\" \/>\n<meta property=\"og:image\" content=\"https:\/\/www.jw-etancheite.ch\/wp-content\/uploads\/2021\/12\/SECURITE-IMAGE-DE-FOND-bis.png\" \/>\n<meta name=\"twitter:card\" content=\"summary_large_image\" \/>\n<meta name=\"twitter:label1\" content=\"Dur\u00e9e de lecture estim\u00e9e\" \/>\n\t<meta name=\"twitter:data1\" content=\"2 minutes\" \/>\n<script type=\"application\/ld+json\" class=\"yoast-schema-graph\">{\"@context\":\"https:\\\/\\\/schema.org\",\"@graph\":[{\"@type\":\"WebPage\",\"@id\":\"https:\\\/\\\/www.jw-etancheite.ch\\\/index.php\\\/securite\\\/\",\"url\":\"https:\\\/\\\/www.jw-etancheite.ch\\\/index.php\\\/securite\\\/\",\"name\":\"S\u00e9curit\u00e9 - JW ETANCHEITE\",\"isPartOf\":{\"@id\":\"https:\\\/\\\/www.jw-etancheite.ch\\\/#website\"},\"primaryImageOfPage\":{\"@id\":\"https:\\\/\\\/www.jw-etancheite.ch\\\/index.php\\\/securite\\\/#primaryimage\"},\"image\":{\"@id\":\"https:\\\/\\\/www.jw-etancheite.ch\\\/index.php\\\/securite\\\/#primaryimage\"},\"thumbnailUrl\":\"https:\\\/\\\/www.jw-etancheite.ch\\\/wp-content\\\/uploads\\\/2021\\\/12\\\/SECURITE-IMAGE-DE-FOND-bis.png\",\"datePublished\":\"2021-11-21T20:18:50+00:00\",\"dateModified\":\"2023-06-29T11:13:49+00:00\",\"breadcrumb\":{\"@id\":\"https:\\\/\\\/www.jw-etancheite.ch\\\/index.php\\\/securite\\\/#breadcrumb\"},\"inLanguage\":\"fr-FR\",\"potentialAction\":[{\"@type\":\"ReadAction\",\"target\":[\"https:\\\/\\\/www.jw-etancheite.ch\\\/index.php\\\/securite\\\/\"]}]},{\"@type\":\"ImageObject\",\"inLanguage\":\"fr-FR\",\"@id\":\"https:\\\/\\\/www.jw-etancheite.ch\\\/index.php\\\/securite\\\/#primaryimage\",\"url\":\"https:\\\/\\\/www.jw-etancheite.ch\\\/wp-content\\\/uploads\\\/2021\\\/12\\\/SECURITE-IMAGE-DE-FOND-bis.png\",\"contentUrl\":\"https:\\\/\\\/www.jw-etancheite.ch\\\/wp-content\\\/uploads\\\/2021\\\/12\\\/SECURITE-IMAGE-DE-FOND-bis.png\",\"width\":2144,\"height\":682},{\"@type\":\"BreadcrumbList\",\"@id\":\"https:\\\/\\\/www.jw-etancheite.ch\\\/index.php\\\/securite\\\/#breadcrumb\",\"itemListElement\":[{\"@type\":\"ListItem\",\"position\":1,\"name\":\"Accueil\",\"item\":\"https:\\\/\\\/www.jw-etancheite.ch\\\/\"},{\"@type\":\"ListItem\",\"position\":2,\"name\":\"S\u00e9curit\u00e9\"}]},{\"@type\":\"WebSite\",\"@id\":\"https:\\\/\\\/www.jw-etancheite.ch\\\/#website\",\"url\":\"https:\\\/\\\/www.jw-etancheite.ch\\\/\",\"name\":\"JW ETANCHEITE\",\"description\":\"La qualit\u00e9 du service avant tout\",\"publisher\":{\"@id\":\"https:\\\/\\\/www.jw-etancheite.ch\\\/#organization\"},\"potentialAction\":[{\"@type\":\"SearchAction\",\"target\":{\"@type\":\"EntryPoint\",\"urlTemplate\":\"https:\\\/\\\/www.jw-etancheite.ch\\\/?s={search_term_string}\"},\"query-input\":{\"@type\":\"PropertyValueSpecification\",\"valueRequired\":true,\"valueName\":\"search_term_string\"}}],\"inLanguage\":\"fr-FR\"},{\"@type\":\"Organization\",\"@id\":\"https:\\\/\\\/www.jw-etancheite.ch\\\/#organization\",\"name\":\"JW ETANCHEITE\",\"url\":\"https:\\\/\\\/www.jw-etancheite.ch\\\/\",\"logo\":{\"@type\":\"ImageObject\",\"inLanguage\":\"fr-FR\",\"@id\":\"https:\\\/\\\/www.jw-etancheite.ch\\\/#\\\/schema\\\/logo\\\/image\\\/\",\"url\":\"https:\\\/\\\/www.jw-etancheite.ch\\\/wp-content\\\/uploads\\\/2021\\\/11\\\/cropped-cropped-logo-jw-etancheite-fond-e1638542175981.png\",\"contentUrl\":\"https:\\\/\\\/www.jw-etancheite.ch\\\/wp-content\\\/uploads\\\/2021\\\/11\\\/cropped-cropped-logo-jw-etancheite-fond-e1638542175981.png\",\"width\":2979,\"height\":1381,\"caption\":\"JW ETANCHEITE\"},\"image\":{\"@id\":\"https:\\\/\\\/www.jw-etancheite.ch\\\/#\\\/schema\\\/logo\\\/image\\\/\"}}]}<\/script>\n<!-- \/ Yoast SEO plugin. -->","yoast_head_json":{"title":"S\u00e9curit\u00e9 - JW ETANCHEITE","robots":{"index":"index","follow":"follow","max-snippet":"max-snippet:-1","max-image-preview":"max-image-preview:large","max-video-preview":"max-video-preview:-1"},"canonical":"https:\/\/www.jw-etancheite.ch\/index.php\/securite\/","og_locale":"fr_FR","og_type":"article","og_title":"S\u00e9curit\u00e9 - JW ETANCHEITE","og_description":"Le propri\u00e9taire d\u2019un b\u00e2timent ou de tout autre ouvrage r\u00e9pond du dommage caus\u00e9 par des vices de construction ou par le d\u00e9faut d\u2019entretien. Selon le code des obligations, art. 58 E al.1 Notre soci\u00e9t\u00e9 propose l\u2019\u00e9tude et la mise en place de syst\u00e8mes de protections collectives et individuelles (garde-corps, ligne de vie, \u00e9chelles, passerelles, saut&hellip;&nbsp;Lire la suite &raquo;S\u00e9curit\u00e9","og_url":"https:\/\/www.jw-etancheite.ch\/index.php\/securite\/","og_site_name":"JW ETANCHEITE","article_modified_time":"2023-06-29T11:13:49+00:00","og_image":[{"url":"https:\/\/www.jw-etancheite.ch\/wp-content\/uploads\/2021\/12\/SECURITE-IMAGE-DE-FOND-bis.png","type":"","width":"","height":""}],"twitter_card":"summary_large_image","twitter_misc":{"Dur\u00e9e de lecture estim\u00e9e":"2 minutes"},"schema":{"@context":"https:\/\/schema.org","@graph":[{"@type":"WebPage","@id":"https:\/\/www.jw-etancheite.ch\/index.php\/securite\/","url":"https:\/\/www.jw-etancheite.ch\/index.php\/securite\/","name":"S\u00e9curit\u00e9 - JW ETANCHEITE","isPartOf":{"@id":"https:\/\/www.jw-etancheite.ch\/#website"},"primaryImageOfPage":{"@id":"https:\/\/www.jw-etancheite.ch\/index.php\/securite\/#primaryimage"},"image":{"@id":"https:\/\/www.jw-etancheite.ch\/index.php\/securite\/#primaryimage"},"thumbnailUrl":"https:\/\/www.jw-etancheite.ch\/wp-content\/uploads\/2021\/12\/SECURITE-IMAGE-DE-FOND-bis.png","datePublished":"2021-11-21T20:18:50+00:00","dateModified":"2023-06-29T11:13:49+00:00","breadcrumb":{"@id":"https:\/\/www.jw-etancheite.ch\/index.php\/securite\/#breadcrumb"},"inLanguage":"fr-FR","potentialAction":[{"@type":"ReadAction","target":["https:\/\/www.jw-etancheite.ch\/index.php\/securite\/"]}]},{"@type":"ImageObject","inLanguage":"fr-FR","@id":"https:\/\/www.jw-etancheite.ch\/index.php\/securite\/#primaryimage","url":"https:\/\/www.jw-etancheite.ch\/wp-content\/uploads\/2021\/12\/SECURITE-IMAGE-DE-FOND-bis.png","contentUrl":"https:\/\/www.jw-etancheite.ch\/wp-content\/uploads\/2021\/12\/SECURITE-IMAGE-DE-FOND-bis.png","width":2144,"height":682},{"@type":"BreadcrumbList","@id":"https:\/\/www.jw-etancheite.ch\/index.php\/securite\/#breadcrumb","itemListElement":[{"@type":"ListItem","position":1,"name":"Accueil","item":"https:\/\/www.jw-etancheite.ch\/"},{"@type":"ListItem","position":2,"name":"S\u00e9curit\u00e9"}]},{"@type":"WebSite","@id":"https:\/\/www.jw-etancheite.ch\/#website","url":"https:\/\/www.jw-etancheite.ch\/","name":"JW ETANCHEITE","description":"La qualit\u00e9 du service avant tout","publisher":{"@id":"https:\/\/www.jw-etancheite.ch\/#organization"},"potentialAction":[{"@type":"SearchAction","target":{"@type":"EntryPoint","urlTemplate":"https:\/\/www.jw-etancheite.ch\/?s={search_term_string}"},"query-input":{"@type":"PropertyValueSpecification","valueRequired":true,"valueName":"search_term_string"}}],"inLanguage":"fr-FR"},{"@type":"Organization","@id":"https:\/\/www.jw-etancheite.ch\/#organization","name":"JW ETANCHEITE","url":"https:\/\/www.jw-etancheite.ch\/","logo":{"@type":"ImageObject","inLanguage":"fr-FR","@id":"https:\/\/www.jw-etancheite.ch\/#\/schema\/logo\/image\/","url":"https:\/\/www.jw-etancheite.ch\/wp-content\/uploads\/2021\/11\/cropped-cropped-logo-jw-etancheite-fond-e1638542175981.png","contentUrl":"https:\/\/www.jw-etancheite.ch\/wp-content\/uploads\/2021\/11\/cropped-cropped-logo-jw-etancheite-fond-e1638542175981.png","width":2979,"height":1381,"caption":"JW ETANCHEITE"},"image":{"@id":"https:\/\/www.jw-etancheite.ch\/#\/schema\/logo\/image\/"}}]}},"_links":{"self":[{"href":"https:\/\/www.jw-etancheite.ch\/index.php\/wp-json\/wp\/v2\/pages\/78","targetHints":{"allow":["GET"]}}],"collection":[{"href":"https:\/\/www.jw-etancheite.ch\/index.php\/wp-json\/wp\/v2\/pages"}],"about":[{"href":"https:\/\/www.jw-etancheite.ch\/index.php\/wp-json\/wp\/v2\/types\/page"}],"author":[{"embeddable":true,"href":"https:\/\/www.jw-etancheite.ch\/index.php\/wp-json\/wp\/v2\/users\/2"}],"replies":[{"embeddable":true,"href":"https:\/\/www.jw-etancheite.ch\/index.php\/wp-json\/wp\/v2\/comments?post=78"}],"version-history":[{"count":14,"href":"https:\/\/www.jw-etancheite.ch\/index.php\/wp-json\/wp\/v2\/pages\/78\/revisions"}],"predecessor-version":[{"id":620,"href":"https:\/\/www.jw-etancheite.ch\/index.php\/wp-json\/wp\/v2\/pages\/78\/revisions\/620"}],"wp:attachment":[{"href":"https:\/\/www.jw-etancheite.ch\/index.php\/wp-json\/wp\/v2\/media?parent=78"}],"curies":[{"name":"wp","href":"https:\/\/api.w.org\/{rel}","templated":true}]}}