{"id":75,"date":"2021-11-21T21:16:21","date_gmt":"2021-11-21T20:16:21","guid":{"rendered":"https:\/\/www.jw-etancheite.ch\/?page_id=75"},"modified":"2023-06-29T13:13:35","modified_gmt":"2023-06-29T11:13:35","slug":"travaux","status":"publish","type":"page","link":"https:\/\/www.jw-etancheite.ch\/index.php\/travaux\/","title":{"rendered":"Travaux"},"content":{"rendered":"\n<div class=\"wp-block-cover is-light\" style=\"min-height:278px;aspect-ratio:unset;\"><span aria-hidden=\"true\" class=\"wp-block-cover__background has-background-dim-10 has-background-dim\"><\/span><img loading=\"lazy\" decoding=\"async\" width=\"2510\" height=\"1670\" class=\"wp-block-cover__image-background wp-image-276\" alt=\"\" src=\"https:\/\/www.jw-etancheite.ch\/wp-content\/uploads\/2021\/12\/TRAVAUX-IMAGE-DE-FOND-bis.jpg\" style=\"object-position:44% 90%\" data-object-fit=\"cover\" data-object-position=\"44% 90%\" srcset=\"https:\/\/www.jw-etancheite.ch\/wp-content\/uploads\/2021\/12\/TRAVAUX-IMAGE-DE-FOND-bis.jpg 2510w, https:\/\/www.jw-etancheite.ch\/wp-content\/uploads\/2021\/12\/TRAVAUX-IMAGE-DE-FOND-bis-300x200.jpg 300w, https:\/\/www.jw-etancheite.ch\/wp-content\/uploads\/2021\/12\/TRAVAUX-IMAGE-DE-FOND-bis-1024x681.jpg 1024w, https:\/\/www.jw-etancheite.ch\/wp-content\/uploads\/2021\/12\/TRAVAUX-IMAGE-DE-FOND-bis-768x511.jpg 768w, https:\/\/www.jw-etancheite.ch\/wp-content\/uploads\/2021\/12\/TRAVAUX-IMAGE-DE-FOND-bis-1536x1022.jpg 1536w, https:\/\/www.jw-etancheite.ch\/wp-content\/uploads\/2021\/12\/TRAVAUX-IMAGE-DE-FOND-bis-2048x1363.jpg 2048w, https:\/\/www.jw-etancheite.ch\/wp-content\/uploads\/2021\/12\/TRAVAUX-IMAGE-DE-FOND-bis-930x620.jpg 930w\" sizes=\"auto, (max-width: 2510px) 100vw, 2510px\" \/><div class=\"wp-block-cover__inner-container is-layout-flow wp-block-cover-is-layout-flow\">\n<h1 class=\"wp-block-heading has-nv-site-bg-color has-text-color\">Travaux<\/h1>\n\n\n\n<div class=\"wp-block-buttons is-layout-flex wp-block-buttons-is-layout-flex\">\n<div class=\"wp-block-button is-style-secondary\"><a class=\"wp-block-button__link has-neve-link-hover-color-background-color has-background wp-element-button\" href=\"\/?pagename=contact\" style=\"border-radius:25px\" target=\"_blank\" rel=\"noreferrer noopener\">Contact<\/a><\/div>\n<\/div>\n<\/div><\/div>\n\n\n\n<p><\/p>\n\n\n\n<blockquote class=\"wp-block-quote is-layout-flow wp-block-quote-is-layout-flow\">\n<p>Que ce soit dans la r\u00e9novation ou la construction neuve, la complexit\u00e9 des structures d\u00e9terminent le syst\u00e8me employ\u00e9 et le choix des mat\u00e9riaux. Nos solutions s\u2019adaptent \u00e0 tout type de toiture mais aussi aux terrasses, balcons, dalles parking, murs enterr\u00e9s, toitures v\u00e9g\u00e9talis\u00e9es, travaux d\u2019isolation thermique, en passant par des travaux de ferblanteries. <\/p>\n\n\n\n<p>Les produits que nous utilisons sont haut de gamme et ont fait leurs preuves. Conscient que nous sommes d\u00e9pendants de produits d\u00e9riv\u00e9s des mati\u00e8res fossiles, nous choisirons avec discernement les mat\u00e9riaux recyclables et issus de la biomasse.<\/p>\n<\/blockquote>\n\n\n\n<div class=\"wp-block-columns are-vertically-aligned-top is-layout-flex wp-container-core-columns-is-layout-9d6595d7 wp-block-columns-is-layout-flex\">\n<div class=\"wp-block-column is-vertically-aligned-top is-layout-flow wp-block-column-is-layout-flow\" style=\"flex-basis:100%\">\n<figure class=\"wp-block-gallery has-nested-images columns-default is-cropped wp-block-gallery-1 is-layout-flex wp-block-gallery-is-layout-flex\">\n<figure class=\"wp-block-image size-large\"><img loading=\"lazy\" decoding=\"async\" width=\"1024\" height=\"768\" data-id=\"140\" src=\"https:\/\/www.jw-etancheite.ch\/wp-content\/uploads\/2021\/11\/TRAVAUX-Installation-ventilation-sur-tous-types-de-toitures-1-1024x768.jpg\" alt=\"\" class=\"wp-image-140\" srcset=\"https:\/\/www.jw-etancheite.ch\/wp-content\/uploads\/2021\/11\/TRAVAUX-Installation-ventilation-sur-tous-types-de-toitures-1-1024x768.jpg 1024w, https:\/\/www.jw-etancheite.ch\/wp-content\/uploads\/2021\/11\/TRAVAUX-Installation-ventilation-sur-tous-types-de-toitures-1-300x225.jpg 300w, https:\/\/www.jw-etancheite.ch\/wp-content\/uploads\/2021\/11\/TRAVAUX-Installation-ventilation-sur-tous-types-de-toitures-1-768x576.jpg 768w, https:\/\/www.jw-etancheite.ch\/wp-content\/uploads\/2021\/11\/TRAVAUX-Installation-ventilation-sur-tous-types-de-toitures-1-1536x1152.jpg 1536w, https:\/\/www.jw-etancheite.ch\/wp-content\/uploads\/2021\/11\/TRAVAUX-Installation-ventilation-sur-tous-types-de-toitures-1.jpg 1600w\" sizes=\"auto, (max-width: 1024px) 100vw, 1024px\" \/><figcaption class=\"wp-element-caption\">Installation ventilation sur tous types de toitures<\/figcaption><\/figure>\n\n\n\n<figure class=\"wp-block-image size-large\"><img loading=\"lazy\" decoding=\"async\" width=\"1024\" height=\"768\" data-id=\"141\" src=\"https:\/\/www.jw-etancheite.ch\/wp-content\/uploads\/2021\/11\/TRAVAUX-Isolation-thermique-de-vos-combles-photo-n\u00b01-1.jpg\" alt=\"\" class=\"wp-image-141\" srcset=\"https:\/\/www.jw-etancheite.ch\/wp-content\/uploads\/2021\/11\/TRAVAUX-Isolation-thermique-de-vos-combles-photo-n\u00b01-1.jpg 1024w, https:\/\/www.jw-etancheite.ch\/wp-content\/uploads\/2021\/11\/TRAVAUX-Isolation-thermique-de-vos-combles-photo-n\u00b01-1-300x225.jpg 300w, https:\/\/www.jw-etancheite.ch\/wp-content\/uploads\/2021\/11\/TRAVAUX-Isolation-thermique-de-vos-combles-photo-n\u00b01-1-768x576.jpg 768w\" sizes=\"auto, (max-width: 1024px) 100vw, 1024px\" \/><figcaption class=\"wp-element-caption\">Isolation thermique de vos combles &#8211; photo n\u00b01<\/figcaption><\/figure>\n\n\n\n<figure class=\"wp-block-image size-large\"><img loading=\"lazy\" decoding=\"async\" width=\"768\" height=\"1024\" data-id=\"142\" src=\"https:\/\/www.jw-etancheite.ch\/wp-content\/uploads\/2021\/11\/TRAVAUX-Isolation-thermique-de-vos-combles-photo-n\u00b02-1.jpg\" alt=\"\" class=\"wp-image-142\" srcset=\"https:\/\/www.jw-etancheite.ch\/wp-content\/uploads\/2021\/11\/TRAVAUX-Isolation-thermique-de-vos-combles-photo-n\u00b02-1.jpg 768w, https:\/\/www.jw-etancheite.ch\/wp-content\/uploads\/2021\/11\/TRAVAUX-Isolation-thermique-de-vos-combles-photo-n\u00b02-1-225x300.jpg 225w\" sizes=\"auto, (max-width: 768px) 100vw, 768px\" \/><figcaption class=\"wp-element-caption\">Isolation thermique de vos combles &#8211; photo n\u00b02<\/figcaption><\/figure>\n\n\n\n<figure class=\"wp-block-image size-large\"><img loading=\"lazy\" decoding=\"async\" width=\"1024\" height=\"768\" data-id=\"135\" src=\"https:\/\/www.jw-etancheite.ch\/wp-content\/uploads\/2021\/11\/TRAVAUX-Refection-dune-terrasse-attique-et-pose-de-dalles-sur-plots-1024x768.jpg\" alt=\"\" class=\"wp-image-135\" srcset=\"https:\/\/www.jw-etancheite.ch\/wp-content\/uploads\/2021\/11\/TRAVAUX-Refection-dune-terrasse-attique-et-pose-de-dalles-sur-plots-1024x768.jpg 1024w, https:\/\/www.jw-etancheite.ch\/wp-content\/uploads\/2021\/11\/TRAVAUX-Refection-dune-terrasse-attique-et-pose-de-dalles-sur-plots-300x225.jpg 300w, https:\/\/www.jw-etancheite.ch\/wp-content\/uploads\/2021\/11\/TRAVAUX-Refection-dune-terrasse-attique-et-pose-de-dalles-sur-plots-768x576.jpg 768w, https:\/\/www.jw-etancheite.ch\/wp-content\/uploads\/2021\/11\/TRAVAUX-Refection-dune-terrasse-attique-et-pose-de-dalles-sur-plots-1536x1152.jpg 1536w, https:\/\/www.jw-etancheite.ch\/wp-content\/uploads\/2021\/11\/TRAVAUX-Refection-dune-terrasse-attique-et-pose-de-dalles-sur-plots.jpg 1600w\" sizes=\"auto, (max-width: 1024px) 100vw, 1024px\" \/><figcaption class=\"wp-element-caption\">R\u00e9fection d&rsquo;une terrasse attique et pose de dalles sur plots<\/figcaption><\/figure>\n\n\n\n<figure class=\"wp-block-image size-large\"><img loading=\"lazy\" decoding=\"async\" width=\"768\" height=\"1024\" data-id=\"144\" src=\"https:\/\/www.jw-etancheite.ch\/wp-content\/uploads\/2021\/11\/TRAVAUX-Traitement-dun-joint-de-dilatation-sur-balcon-carrele-photo-n\u00b01-1-768x1024.jpg\" alt=\"\" class=\"wp-image-144\" srcset=\"https:\/\/www.jw-etancheite.ch\/wp-content\/uploads\/2021\/11\/TRAVAUX-Traitement-dun-joint-de-dilatation-sur-balcon-carrele-photo-n\u00b01-1-768x1024.jpg 768w, https:\/\/www.jw-etancheite.ch\/wp-content\/uploads\/2021\/11\/TRAVAUX-Traitement-dun-joint-de-dilatation-sur-balcon-carrele-photo-n\u00b01-1-225x300.jpg 225w, https:\/\/www.jw-etancheite.ch\/wp-content\/uploads\/2021\/11\/TRAVAUX-Traitement-dun-joint-de-dilatation-sur-balcon-carrele-photo-n\u00b01-1-1152x1536.jpg 1152w, https:\/\/www.jw-etancheite.ch\/wp-content\/uploads\/2021\/11\/TRAVAUX-Traitement-dun-joint-de-dilatation-sur-balcon-carrele-photo-n\u00b01-1.jpg 1200w\" sizes=\"auto, (max-width: 768px) 100vw, 768px\" \/><figcaption class=\"wp-element-caption\">Traitement d&rsquo;un joint de dilatation sur balcon carrel\u00e9 &#8211; Photo n\u00b01<\/figcaption><\/figure>\n\n\n\n<figure class=\"wp-block-image size-large\"><img loading=\"lazy\" decoding=\"async\" width=\"768\" height=\"1024\" data-id=\"137\" src=\"https:\/\/www.jw-etancheite.ch\/wp-content\/uploads\/2021\/11\/TRAVAUX-Traitement-dun-joint-de-dilatation-sur-balcon-carrele-photo-n\u00b02-768x1024.jpg\" alt=\"\" class=\"wp-image-137\" srcset=\"https:\/\/www.jw-etancheite.ch\/wp-content\/uploads\/2021\/11\/TRAVAUX-Traitement-dun-joint-de-dilatation-sur-balcon-carrele-photo-n\u00b02-768x1024.jpg 768w, https:\/\/www.jw-etancheite.ch\/wp-content\/uploads\/2021\/11\/TRAVAUX-Traitement-dun-joint-de-dilatation-sur-balcon-carrele-photo-n\u00b02-225x300.jpg 225w, https:\/\/www.jw-etancheite.ch\/wp-content\/uploads\/2021\/11\/TRAVAUX-Traitement-dun-joint-de-dilatation-sur-balcon-carrele-photo-n\u00b02-1152x1536.jpg 1152w, https:\/\/www.jw-etancheite.ch\/wp-content\/uploads\/2021\/11\/TRAVAUX-Traitement-dun-joint-de-dilatation-sur-balcon-carrele-photo-n\u00b02.jpg 1200w\" sizes=\"auto, (max-width: 768px) 100vw, 768px\" \/><figcaption class=\"wp-element-caption\">Traitement d&rsquo;un joint de dilatation sur balcon carrel\u00e9 &#8211; photo n\u00b02<\/figcaption><\/figure>\n\n\n\n<figure class=\"wp-block-image size-large\"><img loading=\"lazy\" decoding=\"async\" width=\"768\" height=\"1024\" data-id=\"147\" src=\"https:\/\/www.jw-etancheite.ch\/wp-content\/uploads\/2021\/11\/TRAVAUX-Traitement-dun-joint-de-dilatation-sur-balcon-carrele-photo-n\u00b04-768x1024.jpg\" alt=\"\" class=\"wp-image-147\" srcset=\"https:\/\/www.jw-etancheite.ch\/wp-content\/uploads\/2021\/11\/TRAVAUX-Traitement-dun-joint-de-dilatation-sur-balcon-carrele-photo-n\u00b04-768x1024.jpg 768w, https:\/\/www.jw-etancheite.ch\/wp-content\/uploads\/2021\/11\/TRAVAUX-Traitement-dun-joint-de-dilatation-sur-balcon-carrele-photo-n\u00b04-225x300.jpg 225w, https:\/\/www.jw-etancheite.ch\/wp-content\/uploads\/2021\/11\/TRAVAUX-Traitement-dun-joint-de-dilatation-sur-balcon-carrele-photo-n\u00b04-1152x1536.jpg 1152w, https:\/\/www.jw-etancheite.ch\/wp-content\/uploads\/2021\/11\/TRAVAUX-Traitement-dun-joint-de-dilatation-sur-balcon-carrele-photo-n\u00b04.jpg 1200w\" sizes=\"auto, (max-width: 768px) 100vw, 768px\" \/><figcaption class=\"wp-element-caption\">Traitement d&rsquo;un joint de dilatation sur balcon carrel\u00e9 &#8211; Photo n\u00b03<\/figcaption><\/figure>\n\n\n\n<figure class=\"wp-block-image size-large\"><img loading=\"lazy\" decoding=\"async\" width=\"1024\" height=\"683\" data-id=\"281\" src=\"https:\/\/www.jw-etancheite.ch\/wp-content\/uploads\/2021\/12\/TRAVAUX-RelevA\u00a9-dA\u00a9tanchA\u00a9itA\u00a9-auto-protA\u00a9gA\u00a9-3-1024x683.png\" alt=\"\" class=\"wp-image-281\" srcset=\"https:\/\/www.jw-etancheite.ch\/wp-content\/uploads\/2021\/12\/TRAVAUX-RelevA\u00a9-dA\u00a9tanchA\u00a9itA\u00a9-auto-protA\u00a9gA\u00a9-3-1024x683.png 1024w, https:\/\/www.jw-etancheite.ch\/wp-content\/uploads\/2021\/12\/TRAVAUX-RelevA\u00a9-dA\u00a9tanchA\u00a9itA\u00a9-auto-protA\u00a9gA\u00a9-3-300x200.png 300w, https:\/\/www.jw-etancheite.ch\/wp-content\/uploads\/2021\/12\/TRAVAUX-RelevA\u00a9-dA\u00a9tanchA\u00a9itA\u00a9-auto-protA\u00a9gA\u00a9-3-768x512.png 768w, https:\/\/www.jw-etancheite.ch\/wp-content\/uploads\/2021\/12\/TRAVAUX-RelevA\u00a9-dA\u00a9tanchA\u00a9itA\u00a9-auto-protA\u00a9gA\u00a9-3-930x620.png 930w, https:\/\/www.jw-etancheite.ch\/wp-content\/uploads\/2021\/12\/TRAVAUX-RelevA\u00a9-dA\u00a9tanchA\u00a9itA\u00a9-auto-protA\u00a9gA\u00a9-3.png 1321w\" sizes=\"auto, (max-width: 1024px) 100vw, 1024px\" \/><figcaption class=\"wp-element-caption\">Relev\u00e9 d&rsquo;\u00e9tanch\u00e9it\u00e9 auto-prot\u00e9g\u00e9<\/figcaption><\/figure>\n<\/figure>\n<\/div>\n<\/div>\n\n\n\n<div style=\"height:100px\" aria-hidden=\"true\" class=\"wp-block-spacer\"><\/div>\n\n\n\n<div class=\"wp-block-group\"><div class=\"wp-block-group__inner-container is-layout-flow wp-block-group-is-layout-flow\">\n<div class=\"wp-block-columns is-layout-flex wp-container-core-columns-is-layout-9d6595d7 wp-block-columns-is-layout-flex\">\n<div class=\"wp-block-column is-layout-flow wp-block-column-is-layout-flow\"><div class=\"wp-block-image icon-style is-style-default\">\n<figure class=\"aligncenter size-full\"><img loading=\"lazy\" decoding=\"async\" width=\"49\" height=\"69\" src=\"https:\/\/www.jw-etancheite.ch\/wp-content\/uploads\/2021\/11\/Icone-devis-g-Rouge.png\" alt=\"\" class=\"wp-image-66\"\/><\/figure>\n<\/div>\n\n\n<h3 class=\"wp-block-heading has-text-align-center has-neve-text-color-color has-text-color\">Devis Gratuit<\/h3>\n\n\n\n<div style=\"height:20px\" aria-hidden=\"true\" class=\"wp-block-spacer\"><\/div>\n<\/div>\n\n\n\n<div class=\"wp-block-column is-layout-flow wp-block-column-is-layout-flow\"><div class=\"wp-block-image icon-style is-style-default\">\n<figure class=\"aligncenter size-full\"><img loading=\"lazy\" decoding=\"async\" width=\"70\" height=\"69\" src=\"https:\/\/www.jw-etancheite.ch\/wp-content\/uploads\/2021\/11\/Icone-urgence-Rouge.png\" alt=\"\" class=\"wp-image-71\"\/><\/figure>\n<\/div>\n\n\n<h3 class=\"wp-block-heading has-text-align-center has-neve-text-color-color has-text-color\">Urgence &lt;24h<\/h3>\n\n\n\n<div style=\"height:20px\" aria-hidden=\"true\" class=\"wp-block-spacer\"><\/div>\n<\/div>\n\n\n\n<div class=\"wp-block-column is-layout-flow wp-block-column-is-layout-flow\"><div class=\"wp-block-image icon-style is-style-default\">\n<figure class=\"aligncenter size-full\"><img loading=\"lazy\" decoding=\"async\" width=\"97\" height=\"69\" src=\"https:\/\/www.jw-etancheite.ch\/wp-content\/uploads\/2021\/11\/Icone-Conseils-Rouge.png\" alt=\"\" class=\"wp-image-68\"\/><\/figure>\n<\/div>\n\n\n<h3 class=\"wp-block-heading has-text-align-center has-neve-text-color-color has-text-color\">Conseils personnalis\u00e9s<\/h3>\n\n\n\n<div style=\"height:20px\" aria-hidden=\"true\" class=\"wp-block-spacer\"><\/div>\n<\/div>\n\n\n\n<div class=\"wp-block-column is-layout-flow wp-block-column-is-layout-flow\"><div class=\"wp-block-image icon-style is-style-default\">\n<figure class=\"aligncenter size-full\"><img loading=\"lazy\" decoding=\"async\" width=\"108\" height=\"69\" src=\"https:\/\/www.jw-etancheite.ch\/wp-content\/uploads\/2021\/11\/Icone-Contrat-Rouge.png\" alt=\"\" class=\"wp-image-69\"\/><\/figure>\n<\/div>\n\n\n<h3 class=\"wp-block-heading has-text-align-center has-neve-text-color-color has-text-color\">Contrat d&rsquo;entretien<\/h3>\n\n\n\n<div style=\"height:20px\" aria-hidden=\"true\" class=\"wp-block-spacer\"><\/div>\n<\/div>\n\n\n\n<div class=\"wp-block-column is-layout-flow wp-block-column-is-layout-flow\"><div class=\"wp-block-image icon-style is-style-default\">\n<figure class=\"aligncenter size-full\"><img loading=\"lazy\" decoding=\"async\" width=\"53\" height=\"69\" src=\"https:\/\/www.jw-etancheite.ch\/wp-content\/uploads\/2021\/11\/Icone-Ouvrier-Rouge.png\" alt=\"\" class=\"wp-image-70\"\/><\/figure>\n<\/div>\n\n\n<h3 class=\"wp-block-heading has-text-align-center has-neve-text-color-color has-text-color\">Ouvrier Qualifi\u00e9<\/h3>\n\n\n\n<div style=\"height:20px\" aria-hidden=\"true\" class=\"wp-block-spacer\"><\/div>\n<\/div>\n<\/div>\n<\/div><\/div>\n","protected":false},"excerpt":{"rendered":"<p>Que ce soit dans la r\u00e9novation ou la construction neuve, la complexit\u00e9 des structures d\u00e9terminent le syst\u00e8me employ\u00e9 et le choix des mat\u00e9riaux. Nos solutions s\u2019adaptent \u00e0 tout type de toiture mais aussi aux terrasses, balcons, dalles parking, murs enterr\u00e9s, toitures v\u00e9g\u00e9talis\u00e9es, travaux d\u2019isolation thermique, en passant par des travaux de ferblanteries. Les produits que&hellip;&nbsp;<a href=\"https:\/\/www.jw-etancheite.ch\/index.php\/travaux\/\" rel=\"bookmark\">Lire la suite &raquo;<span class=\"screen-reader-text\">Travaux<\/span><\/a><\/p>\n","protected":false},"author":2,"featured_media":0,"parent":0,"menu_order":0,"comment_status":"closed","ping_status":"closed","template":"","meta":{"neve_meta_sidebar":"","neve_meta_container":"","neve_meta_enable_content_width":"","neve_meta_content_width":0,"neve_meta_title_alignment":"","neve_meta_author_avatar":"","neve_post_elements_order":"","neve_meta_disable_header":"","neve_meta_disable_footer":"","neve_meta_disable_title":"on","footnotes":""},"class_list":["post-75","page","type-page","status-publish","hentry"],"yoast_head":"<!-- This site is optimized with the Yoast SEO plugin v27.4 - https:\/\/yoast.com\/product\/yoast-seo-wordpress\/ -->\n<title>Travaux - JW ETANCHEITE<\/title>\n<meta name=\"robots\" content=\"index, follow, max-snippet:-1, max-image-preview:large, max-video-preview:-1\" \/>\n<link rel=\"canonical\" href=\"https:\/\/www.jw-etancheite.ch\/index.php\/travaux\/\" \/>\n<meta property=\"og:locale\" content=\"fr_FR\" \/>\n<meta property=\"og:type\" content=\"article\" \/>\n<meta property=\"og:title\" content=\"Travaux - JW ETANCHEITE\" \/>\n<meta property=\"og:description\" content=\"Que ce soit dans la r\u00e9novation ou la construction neuve, la complexit\u00e9 des structures d\u00e9terminent le syst\u00e8me employ\u00e9 et le choix des mat\u00e9riaux. Nos solutions s\u2019adaptent \u00e0 tout type de toiture mais aussi aux terrasses, balcons, dalles parking, murs enterr\u00e9s, toitures v\u00e9g\u00e9talis\u00e9es, travaux d\u2019isolation thermique, en passant par des travaux de ferblanteries. Les produits que&hellip;&nbsp;Lire la suite &raquo;Travaux\" \/>\n<meta property=\"og:url\" content=\"https:\/\/www.jw-etancheite.ch\/index.php\/travaux\/\" \/>\n<meta property=\"og:site_name\" content=\"JW ETANCHEITE\" \/>\n<meta property=\"article:modified_time\" content=\"2023-06-29T11:13:35+00:00\" \/>\n<meta property=\"og:image\" content=\"https:\/\/www.jw-etancheite.ch\/wp-content\/uploads\/2021\/12\/TRAVAUX-IMAGE-DE-FOND-bis.jpg\" \/>\n<meta name=\"twitter:card\" content=\"summary_large_image\" \/>\n<meta name=\"twitter:label1\" content=\"Dur\u00e9e de lecture estim\u00e9e\" \/>\n\t<meta name=\"twitter:data1\" content=\"4 minutes\" \/>\n<script type=\"application\/ld+json\" class=\"yoast-schema-graph\">{\"@context\":\"https:\\\/\\\/schema.org\",\"@graph\":[{\"@type\":\"WebPage\",\"@id\":\"https:\\\/\\\/www.jw-etancheite.ch\\\/index.php\\\/travaux\\\/\",\"url\":\"https:\\\/\\\/www.jw-etancheite.ch\\\/index.php\\\/travaux\\\/\",\"name\":\"Travaux - JW ETANCHEITE\",\"isPartOf\":{\"@id\":\"https:\\\/\\\/www.jw-etancheite.ch\\\/#website\"},\"primaryImageOfPage\":{\"@id\":\"https:\\\/\\\/www.jw-etancheite.ch\\\/index.php\\\/travaux\\\/#primaryimage\"},\"image\":{\"@id\":\"https:\\\/\\\/www.jw-etancheite.ch\\\/index.php\\\/travaux\\\/#primaryimage\"},\"thumbnailUrl\":\"https:\\\/\\\/www.jw-etancheite.ch\\\/wp-content\\\/uploads\\\/2021\\\/12\\\/TRAVAUX-IMAGE-DE-FOND-bis.jpg\",\"datePublished\":\"2021-11-21T20:16:21+00:00\",\"dateModified\":\"2023-06-29T11:13:35+00:00\",\"breadcrumb\":{\"@id\":\"https:\\\/\\\/www.jw-etancheite.ch\\\/index.php\\\/travaux\\\/#breadcrumb\"},\"inLanguage\":\"fr-FR\",\"potentialAction\":[{\"@type\":\"ReadAction\",\"target\":[\"https:\\\/\\\/www.jw-etancheite.ch\\\/index.php\\\/travaux\\\/\"]}]},{\"@type\":\"ImageObject\",\"inLanguage\":\"fr-FR\",\"@id\":\"https:\\\/\\\/www.jw-etancheite.ch\\\/index.php\\\/travaux\\\/#primaryimage\",\"url\":\"https:\\\/\\\/www.jw-etancheite.ch\\\/wp-content\\\/uploads\\\/2021\\\/12\\\/TRAVAUX-IMAGE-DE-FOND-bis.jpg\",\"contentUrl\":\"https:\\\/\\\/www.jw-etancheite.ch\\\/wp-content\\\/uploads\\\/2021\\\/12\\\/TRAVAUX-IMAGE-DE-FOND-bis.jpg\",\"width\":2510,\"height\":1670},{\"@type\":\"BreadcrumbList\",\"@id\":\"https:\\\/\\\/www.jw-etancheite.ch\\\/index.php\\\/travaux\\\/#breadcrumb\",\"itemListElement\":[{\"@type\":\"ListItem\",\"position\":1,\"name\":\"Accueil\",\"item\":\"https:\\\/\\\/www.jw-etancheite.ch\\\/\"},{\"@type\":\"ListItem\",\"position\":2,\"name\":\"Travaux\"}]},{\"@type\":\"WebSite\",\"@id\":\"https:\\\/\\\/www.jw-etancheite.ch\\\/#website\",\"url\":\"https:\\\/\\\/www.jw-etancheite.ch\\\/\",\"name\":\"JW ETANCHEITE\",\"description\":\"La qualit\u00e9 du service avant tout\",\"publisher\":{\"@id\":\"https:\\\/\\\/www.jw-etancheite.ch\\\/#organization\"},\"potentialAction\":[{\"@type\":\"SearchAction\",\"target\":{\"@type\":\"EntryPoint\",\"urlTemplate\":\"https:\\\/\\\/www.jw-etancheite.ch\\\/?s={search_term_string}\"},\"query-input\":{\"@type\":\"PropertyValueSpecification\",\"valueRequired\":true,\"valueName\":\"search_term_string\"}}],\"inLanguage\":\"fr-FR\"},{\"@type\":\"Organization\",\"@id\":\"https:\\\/\\\/www.jw-etancheite.ch\\\/#organization\",\"name\":\"JW ETANCHEITE\",\"url\":\"https:\\\/\\\/www.jw-etancheite.ch\\\/\",\"logo\":{\"@type\":\"ImageObject\",\"inLanguage\":\"fr-FR\",\"@id\":\"https:\\\/\\\/www.jw-etancheite.ch\\\/#\\\/schema\\\/logo\\\/image\\\/\",\"url\":\"https:\\\/\\\/www.jw-etancheite.ch\\\/wp-content\\\/uploads\\\/2021\\\/11\\\/cropped-cropped-logo-jw-etancheite-fond-e1638542175981.png\",\"contentUrl\":\"https:\\\/\\\/www.jw-etancheite.ch\\\/wp-content\\\/uploads\\\/2021\\\/11\\\/cropped-cropped-logo-jw-etancheite-fond-e1638542175981.png\",\"width\":2979,\"height\":1381,\"caption\":\"JW ETANCHEITE\"},\"image\":{\"@id\":\"https:\\\/\\\/www.jw-etancheite.ch\\\/#\\\/schema\\\/logo\\\/image\\\/\"}}]}<\/script>\n<!-- \/ Yoast SEO plugin. -->","yoast_head_json":{"title":"Travaux - JW ETANCHEITE","robots":{"index":"index","follow":"follow","max-snippet":"max-snippet:-1","max-image-preview":"max-image-preview:large","max-video-preview":"max-video-preview:-1"},"canonical":"https:\/\/www.jw-etancheite.ch\/index.php\/travaux\/","og_locale":"fr_FR","og_type":"article","og_title":"Travaux - JW ETANCHEITE","og_description":"Que ce soit dans la r\u00e9novation ou la construction neuve, la complexit\u00e9 des structures d\u00e9terminent le syst\u00e8me employ\u00e9 et le choix des mat\u00e9riaux. Nos solutions s\u2019adaptent \u00e0 tout type de toiture mais aussi aux terrasses, balcons, dalles parking, murs enterr\u00e9s, toitures v\u00e9g\u00e9talis\u00e9es, travaux d\u2019isolation thermique, en passant par des travaux de ferblanteries. Les produits que&hellip;&nbsp;Lire la suite &raquo;Travaux","og_url":"https:\/\/www.jw-etancheite.ch\/index.php\/travaux\/","og_site_name":"JW ETANCHEITE","article_modified_time":"2023-06-29T11:13:35+00:00","og_image":[{"url":"https:\/\/www.jw-etancheite.ch\/wp-content\/uploads\/2021\/12\/TRAVAUX-IMAGE-DE-FOND-bis.jpg","type":"","width":"","height":""}],"twitter_card":"summary_large_image","twitter_misc":{"Dur\u00e9e de lecture estim\u00e9e":"4 minutes"},"schema":{"@context":"https:\/\/schema.org","@graph":[{"@type":"WebPage","@id":"https:\/\/www.jw-etancheite.ch\/index.php\/travaux\/","url":"https:\/\/www.jw-etancheite.ch\/index.php\/travaux\/","name":"Travaux - JW ETANCHEITE","isPartOf":{"@id":"https:\/\/www.jw-etancheite.ch\/#website"},"primaryImageOfPage":{"@id":"https:\/\/www.jw-etancheite.ch\/index.php\/travaux\/#primaryimage"},"image":{"@id":"https:\/\/www.jw-etancheite.ch\/index.php\/travaux\/#primaryimage"},"thumbnailUrl":"https:\/\/www.jw-etancheite.ch\/wp-content\/uploads\/2021\/12\/TRAVAUX-IMAGE-DE-FOND-bis.jpg","datePublished":"2021-11-21T20:16:21+00:00","dateModified":"2023-06-29T11:13:35+00:00","breadcrumb":{"@id":"https:\/\/www.jw-etancheite.ch\/index.php\/travaux\/#breadcrumb"},"inLanguage":"fr-FR","potentialAction":[{"@type":"ReadAction","target":["https:\/\/www.jw-etancheite.ch\/index.php\/travaux\/"]}]},{"@type":"ImageObject","inLanguage":"fr-FR","@id":"https:\/\/www.jw-etancheite.ch\/index.php\/travaux\/#primaryimage","url":"https:\/\/www.jw-etancheite.ch\/wp-content\/uploads\/2021\/12\/TRAVAUX-IMAGE-DE-FOND-bis.jpg","contentUrl":"https:\/\/www.jw-etancheite.ch\/wp-content\/uploads\/2021\/12\/TRAVAUX-IMAGE-DE-FOND-bis.jpg","width":2510,"height":1670},{"@type":"BreadcrumbList","@id":"https:\/\/www.jw-etancheite.ch\/index.php\/travaux\/#breadcrumb","itemListElement":[{"@type":"ListItem","position":1,"name":"Accueil","item":"https:\/\/www.jw-etancheite.ch\/"},{"@type":"ListItem","position":2,"name":"Travaux"}]},{"@type":"WebSite","@id":"https:\/\/www.jw-etancheite.ch\/#website","url":"https:\/\/www.jw-etancheite.ch\/","name":"JW ETANCHEITE","description":"La qualit\u00e9 du service avant tout","publisher":{"@id":"https:\/\/www.jw-etancheite.ch\/#organization"},"potentialAction":[{"@type":"SearchAction","target":{"@type":"EntryPoint","urlTemplate":"https:\/\/www.jw-etancheite.ch\/?s={search_term_string}"},"query-input":{"@type":"PropertyValueSpecification","valueRequired":true,"valueName":"search_term_string"}}],"inLanguage":"fr-FR"},{"@type":"Organization","@id":"https:\/\/www.jw-etancheite.ch\/#organization","name":"JW ETANCHEITE","url":"https:\/\/www.jw-etancheite.ch\/","logo":{"@type":"ImageObject","inLanguage":"fr-FR","@id":"https:\/\/www.jw-etancheite.ch\/#\/schema\/logo\/image\/","url":"https:\/\/www.jw-etancheite.ch\/wp-content\/uploads\/2021\/11\/cropped-cropped-logo-jw-etancheite-fond-e1638542175981.png","contentUrl":"https:\/\/www.jw-etancheite.ch\/wp-content\/uploads\/2021\/11\/cropped-cropped-logo-jw-etancheite-fond-e1638542175981.png","width":2979,"height":1381,"caption":"JW ETANCHEITE"},"image":{"@id":"https:\/\/www.jw-etancheite.ch\/#\/schema\/logo\/image\/"}}]}},"_links":{"self":[{"href":"https:\/\/www.jw-etancheite.ch\/index.php\/wp-json\/wp\/v2\/pages\/75","targetHints":{"allow":["GET"]}}],"collection":[{"href":"https:\/\/www.jw-etancheite.ch\/index.php\/wp-json\/wp\/v2\/pages"}],"about":[{"href":"https:\/\/www.jw-etancheite.ch\/index.php\/wp-json\/wp\/v2\/types\/page"}],"author":[{"embeddable":true,"href":"https:\/\/www.jw-etancheite.ch\/index.php\/wp-json\/wp\/v2\/users\/2"}],"replies":[{"embeddable":true,"href":"https:\/\/www.jw-etancheite.ch\/index.php\/wp-json\/wp\/v2\/comments?post=75"}],"version-history":[{"count":16,"href":"https:\/\/www.jw-etancheite.ch\/index.php\/wp-json\/wp\/v2\/pages\/75\/revisions"}],"predecessor-version":[{"id":619,"href":"https:\/\/www.jw-etancheite.ch\/index.php\/wp-json\/wp\/v2\/pages\/75\/revisions\/619"}],"wp:attachment":[{"href":"https:\/\/www.jw-etancheite.ch\/index.php\/wp-json\/wp\/v2\/media?parent=75"}],"curies":[{"name":"wp","href":"https:\/\/api.w.org\/{rel}","templated":true}]}}