{"id":7,"date":"2021-11-16T20:05:57","date_gmt":"2021-11-16T19:05:57","guid":{"rendered":"https:\/\/www.jw-etancheite.ch\/?page_id=7"},"modified":"2024-11-06T22:48:11","modified_gmt":"2024-11-06T21:48:11","slug":"accueil","status":"publish","type":"page","link":"https:\/\/www.jw-etancheite.ch\/","title":{"rendered":"Accueil"},"content":{"rendered":"\n<div class=\"wp-block-cover alignfull is-light\" style=\"min-height:700px;aspect-ratio:unset;\"><span aria-hidden=\"true\" class=\"wp-block-cover__background has-background-dim-20 has-background-dim\"><\/span><img loading=\"lazy\" decoding=\"async\" width=\"2235\" height=\"1490\" class=\"wp-block-cover__image-background wp-image-15\" alt=\"\" src=\"https:\/\/www.jw-etancheite.ch\/wp-content\/uploads\/2021\/11\/tn_Chalumeau_Etancheite.jpg\" data-object-fit=\"cover\" srcset=\"https:\/\/www.jw-etancheite.ch\/wp-content\/uploads\/2021\/11\/tn_Chalumeau_Etancheite.jpg 2235w, https:\/\/www.jw-etancheite.ch\/wp-content\/uploads\/2021\/11\/tn_Chalumeau_Etancheite-300x200.jpg 300w, https:\/\/www.jw-etancheite.ch\/wp-content\/uploads\/2021\/11\/tn_Chalumeau_Etancheite-1024x683.jpg 1024w, https:\/\/www.jw-etancheite.ch\/wp-content\/uploads\/2021\/11\/tn_Chalumeau_Etancheite-768x512.jpg 768w, https:\/\/www.jw-etancheite.ch\/wp-content\/uploads\/2021\/11\/tn_Chalumeau_Etancheite-1536x1024.jpg 1536w, https:\/\/www.jw-etancheite.ch\/wp-content\/uploads\/2021\/11\/tn_Chalumeau_Etancheite-2048x1365.jpg 2048w, https:\/\/www.jw-etancheite.ch\/wp-content\/uploads\/2021\/11\/tn_Chalumeau_Etancheite-930x620.jpg 930w\" sizes=\"auto, (max-width: 2235px) 100vw, 2235px\" \/><div class=\"wp-block-cover__inner-container is-layout-flow wp-block-cover-is-layout-flow\">\n<div style=\"height:80px\" aria-hidden=\"true\" class=\"wp-block-spacer\"><\/div>\n\n\n\n<h1 class=\"wp-block-heading has-text-align-left has-nv-site-bg-color has-text-color\">LA QUALITE DU SERVICE <\/h1>\n\n\n\n<h1 class=\"wp-block-heading has-text-align-left has-nv-site-bg-color has-text-color\">AVANT TOUT<\/h1>\n\n\n\n<div class=\"wp-block-buttons is-horizontal is-content-justification-left is-layout-flex wp-container-core-buttons-is-layout-7e5fce0a wp-block-buttons-is-layout-flex\">\n<div class=\"wp-block-button is-style-secondary\"><a class=\"wp-block-button__link has-neve-link-hover-color-background-color has-background wp-element-button\" href=\"\/?pagename=contact\" style=\"border-radius:25px\" target=\"_blank\" rel=\"noreferrer noopener\">Contact<\/a><\/div>\n<\/div>\n\n\n\n<div style=\"height:80px\" aria-hidden=\"true\" class=\"wp-block-spacer\"><\/div>\n\n\n\n<div style=\"height:80px\" aria-hidden=\"true\" class=\"wp-block-spacer\"><\/div>\n<\/div><\/div>\n\n\n\n<div style=\"height:44px\" aria-hidden=\"true\" class=\"wp-block-spacer\"><\/div>\n\n\n\n<div style=\"height:100px\" aria-hidden=\"true\" class=\"wp-block-spacer\"><\/div>\n\n\n\n<div class=\"wp-block-columns is-layout-flex wp-container-core-columns-is-layout-9d6595d7 wp-block-columns-is-layout-flex\">\n<div class=\"wp-block-column is-layout-flow wp-block-column-is-layout-flow\"><div class=\"wp-block-image icon-style is-style-default\">\n<figure class=\"aligncenter size-full\"><img loading=\"lazy\" decoding=\"async\" width=\"49\" height=\"69\" src=\"https:\/\/www.jw-etancheite.ch\/wp-content\/uploads\/2021\/11\/Icone-devis-g-Rouge.png\" alt=\"\" class=\"wp-image-66\"\/><\/figure>\n<\/div>\n\n\n<h3 class=\"wp-block-heading has-text-align-center has-neve-text-color-color has-text-color\">Devis Gratuit<\/h3>\n\n\n\n<div style=\"height:20px\" aria-hidden=\"true\" class=\"wp-block-spacer\"><\/div>\n<\/div>\n\n\n\n<div class=\"wp-block-column is-layout-flow wp-block-column-is-layout-flow\"><div class=\"wp-block-image icon-style is-style-default\">\n<figure class=\"aligncenter size-full\"><img loading=\"lazy\" decoding=\"async\" width=\"70\" height=\"69\" src=\"https:\/\/www.jw-etancheite.ch\/wp-content\/uploads\/2021\/11\/Icone-urgence-Rouge.png\" alt=\"\" class=\"wp-image-71\"\/><\/figure>\n<\/div>\n\n\n<h3 class=\"wp-block-heading has-text-align-center has-neve-text-color-color has-text-color\">Urgence &lt;24h<\/h3>\n\n\n\n<div style=\"height:20px\" aria-hidden=\"true\" class=\"wp-block-spacer\"><\/div>\n<\/div>\n\n\n\n<div class=\"wp-block-column is-layout-flow wp-block-column-is-layout-flow\"><div class=\"wp-block-image icon-style is-style-default\">\n<figure class=\"aligncenter size-full\"><img loading=\"lazy\" decoding=\"async\" width=\"97\" height=\"69\" src=\"https:\/\/www.jw-etancheite.ch\/wp-content\/uploads\/2021\/11\/Icone-Conseils-Rouge.png\" alt=\"\" class=\"wp-image-68\"\/><\/figure>\n<\/div>\n\n\n<h3 class=\"wp-block-heading has-text-align-center has-neve-text-color-color has-text-color\">Conseils personnalis\u00e9s<\/h3>\n\n\n\n<div style=\"height:20px\" aria-hidden=\"true\" class=\"wp-block-spacer\"><\/div>\n<\/div>\n\n\n\n<div class=\"wp-block-column is-layout-flow wp-block-column-is-layout-flow\"><div class=\"wp-block-image icon-style is-style-default\">\n<figure class=\"aligncenter size-full\"><img loading=\"lazy\" decoding=\"async\" width=\"108\" height=\"69\" src=\"https:\/\/www.jw-etancheite.ch\/wp-content\/uploads\/2021\/11\/Icone-Contrat-Rouge.png\" alt=\"\" class=\"wp-image-69\"\/><\/figure>\n<\/div>\n\n\n<h3 class=\"wp-block-heading has-text-align-center has-neve-text-color-color has-text-color\">Contrat d&rsquo;entretien<\/h3>\n\n\n\n<div style=\"height:20px\" aria-hidden=\"true\" class=\"wp-block-spacer\"><\/div>\n<\/div>\n\n\n\n<div class=\"wp-block-column is-layout-flow wp-block-column-is-layout-flow\"><div class=\"wp-block-image icon-style is-style-default\">\n<figure class=\"aligncenter size-full\"><img loading=\"lazy\" decoding=\"async\" width=\"53\" height=\"69\" src=\"https:\/\/www.jw-etancheite.ch\/wp-content\/uploads\/2021\/11\/Icone-Ouvrier-Rouge.png\" alt=\"\" class=\"wp-image-70\"\/><\/figure>\n<\/div>\n\n\n<h3 class=\"wp-block-heading has-text-align-center has-neve-text-color-color has-text-color\">Ouvrier Qualifi\u00e9<\/h3>\n\n\n\n<div style=\"height:20px\" aria-hidden=\"true\" class=\"wp-block-spacer\"><\/div>\n<\/div>\n<\/div>\n\n\n\n<div style=\"height:40px\" aria-hidden=\"true\" class=\"wp-block-spacer\"><\/div>\n\n\n\n<p><\/p>\n","protected":false},"excerpt":{"rendered":"<p>Devis Gratuit Urgence &lt;24h Conseils personnalis\u00e9s Contrat d&rsquo;entretien Ouvrier Qualifi\u00e9<\/p>\n","protected":false},"author":2,"featured_media":590,"parent":0,"menu_order":0,"comment_status":"closed","ping_status":"closed","template":"","meta":{"neve_meta_sidebar":"","neve_meta_container":"","neve_meta_enable_content_width":"on","neve_meta_content_width":100,"neve_meta_title_alignment":"","neve_meta_author_avatar":"","neve_post_elements_order":"","neve_meta_disable_header":"","neve_meta_disable_footer":"","neve_meta_disable_title":"on","footnotes":""},"class_list":["post-7","page","type-page","status-publish","has-post-thumbnail","hentry"],"yoast_head":"<!-- This site is optimized with the Yoast SEO plugin v27.3 - https:\/\/yoast.com\/product\/yoast-seo-wordpress\/ -->\n<title>Accueil - JW ETANCHEITE<\/title>\n<meta name=\"description\" content=\"JW \u00c9tanch\u00e9it\u00e9 - Experts en \u00e9tanch\u00e9it\u00e9. Services professionnels pour toitures, terrasses et fa\u00e7ades. Qualit\u00e9, durabilit\u00e9 et satisfaction.\" \/>\n<meta name=\"robots\" content=\"index, follow, max-snippet:-1, max-image-preview:large, max-video-preview:-1\" \/>\n<link rel=\"canonical\" href=\"https:\/\/www.jw-etancheite.ch\/\" \/>\n<meta property=\"og:locale\" content=\"fr_FR\" \/>\n<meta property=\"og:type\" content=\"article\" \/>\n<meta property=\"og:title\" content=\"Accueil - JW ETANCHEITE\" \/>\n<meta property=\"og:description\" content=\"JW \u00c9tanch\u00e9it\u00e9 - Experts en \u00e9tanch\u00e9it\u00e9. Services professionnels pour toitures, terrasses et fa\u00e7ades. Qualit\u00e9, durabilit\u00e9 et satisfaction.\" \/>\n<meta property=\"og:url\" content=\"https:\/\/www.jw-etancheite.ch\/\" \/>\n<meta property=\"og:site_name\" content=\"JW ETANCHEITE\" \/>\n<meta property=\"article:modified_time\" content=\"2024-11-06T21:48:11+00:00\" \/>\n<meta property=\"og:image\" content=\"https:\/\/www.jw-etancheite.ch\/wp-content\/uploads\/2023\/06\/JWE_logo-CH_horizontal_noir.png\" \/>\n\t<meta property=\"og:image:width\" content=\"2722\" \/>\n\t<meta property=\"og:image:height\" content=\"794\" \/>\n\t<meta property=\"og:image:type\" content=\"image\/png\" \/>\n<meta name=\"twitter:card\" content=\"summary_large_image\" \/>\n<meta name=\"twitter:label1\" content=\"Dur\u00e9e de lecture estim\u00e9e\" \/>\n\t<meta name=\"twitter:data1\" content=\"2 minutes\" \/>\n<script type=\"application\/ld+json\" class=\"yoast-schema-graph\">{\"@context\":\"https:\\\/\\\/schema.org\",\"@graph\":[{\"@type\":\"WebPage\",\"@id\":\"https:\\\/\\\/www.jw-etancheite.ch\\\/\",\"url\":\"https:\\\/\\\/www.jw-etancheite.ch\\\/\",\"name\":\"Accueil - JW ETANCHEITE\",\"isPartOf\":{\"@id\":\"https:\\\/\\\/www.jw-etancheite.ch\\\/#website\"},\"primaryImageOfPage\":{\"@id\":\"https:\\\/\\\/www.jw-etancheite.ch\\\/#primaryimage\"},\"image\":{\"@id\":\"https:\\\/\\\/www.jw-etancheite.ch\\\/#primaryimage\"},\"thumbnailUrl\":\"https:\\\/\\\/www.jw-etancheite.ch\\\/wp-content\\\/uploads\\\/2023\\\/06\\\/JWE_logo-CH_horizontal_noir.png\",\"datePublished\":\"2021-11-16T19:05:57+00:00\",\"dateModified\":\"2024-11-06T21:48:11+00:00\",\"description\":\"JW \u00c9tanch\u00e9it\u00e9 - Experts en \u00e9tanch\u00e9it\u00e9. Services professionnels pour toitures, terrasses et fa\u00e7ades. Qualit\u00e9, durabilit\u00e9 et satisfaction.\",\"breadcrumb\":{\"@id\":\"https:\\\/\\\/www.jw-etancheite.ch\\\/#breadcrumb\"},\"inLanguage\":\"fr-FR\",\"potentialAction\":[{\"@type\":\"ReadAction\",\"target\":[\"https:\\\/\\\/www.jw-etancheite.ch\\\/\"]}]},{\"@type\":\"ImageObject\",\"inLanguage\":\"fr-FR\",\"@id\":\"https:\\\/\\\/www.jw-etancheite.ch\\\/#primaryimage\",\"url\":\"https:\\\/\\\/www.jw-etancheite.ch\\\/wp-content\\\/uploads\\\/2023\\\/06\\\/JWE_logo-CH_horizontal_noir.png\",\"contentUrl\":\"https:\\\/\\\/www.jw-etancheite.ch\\\/wp-content\\\/uploads\\\/2023\\\/06\\\/JWE_logo-CH_horizontal_noir.png\",\"width\":2722,\"height\":794},{\"@type\":\"BreadcrumbList\",\"@id\":\"https:\\\/\\\/www.jw-etancheite.ch\\\/#breadcrumb\",\"itemListElement\":[{\"@type\":\"ListItem\",\"position\":1,\"name\":\"Accueil\",\"item\":\"https:\\\/\\\/www.jw-etancheite.ch\\\/\"},{\"@type\":\"ListItem\",\"position\":2,\"name\":\"Accueil\"}]},{\"@type\":\"WebSite\",\"@id\":\"https:\\\/\\\/www.jw-etancheite.ch\\\/#website\",\"url\":\"https:\\\/\\\/www.jw-etancheite.ch\\\/\",\"name\":\"JW ETANCHEITE\",\"description\":\"La qualit\u00e9 du service avant tout\",\"publisher\":{\"@id\":\"https:\\\/\\\/www.jw-etancheite.ch\\\/#organization\"},\"potentialAction\":[{\"@type\":\"SearchAction\",\"target\":{\"@type\":\"EntryPoint\",\"urlTemplate\":\"https:\\\/\\\/www.jw-etancheite.ch\\\/?s={search_term_string}\"},\"query-input\":{\"@type\":\"PropertyValueSpecification\",\"valueRequired\":true,\"valueName\":\"search_term_string\"}}],\"inLanguage\":\"fr-FR\"},{\"@type\":\"Organization\",\"@id\":\"https:\\\/\\\/www.jw-etancheite.ch\\\/#organization\",\"name\":\"JW ETANCHEITE\",\"url\":\"https:\\\/\\\/www.jw-etancheite.ch\\\/\",\"logo\":{\"@type\":\"ImageObject\",\"inLanguage\":\"fr-FR\",\"@id\":\"https:\\\/\\\/www.jw-etancheite.ch\\\/#\\\/schema\\\/logo\\\/image\\\/\",\"url\":\"https:\\\/\\\/www.jw-etancheite.ch\\\/wp-content\\\/uploads\\\/2021\\\/11\\\/cropped-cropped-logo-jw-etancheite-fond-e1638542175981.png\",\"contentUrl\":\"https:\\\/\\\/www.jw-etancheite.ch\\\/wp-content\\\/uploads\\\/2021\\\/11\\\/cropped-cropped-logo-jw-etancheite-fond-e1638542175981.png\",\"width\":2979,\"height\":1381,\"caption\":\"JW ETANCHEITE\"},\"image\":{\"@id\":\"https:\\\/\\\/www.jw-etancheite.ch\\\/#\\\/schema\\\/logo\\\/image\\\/\"}}]}<\/script>\n<!-- \/ Yoast SEO plugin. -->","yoast_head_json":{"title":"Accueil - JW ETANCHEITE","description":"JW \u00c9tanch\u00e9it\u00e9 - Experts en \u00e9tanch\u00e9it\u00e9. Services professionnels pour toitures, terrasses et fa\u00e7ades. Qualit\u00e9, durabilit\u00e9 et satisfaction.","robots":{"index":"index","follow":"follow","max-snippet":"max-snippet:-1","max-image-preview":"max-image-preview:large","max-video-preview":"max-video-preview:-1"},"canonical":"https:\/\/www.jw-etancheite.ch\/","og_locale":"fr_FR","og_type":"article","og_title":"Accueil - JW ETANCHEITE","og_description":"JW \u00c9tanch\u00e9it\u00e9 - Experts en \u00e9tanch\u00e9it\u00e9. Services professionnels pour toitures, terrasses et fa\u00e7ades. Qualit\u00e9, durabilit\u00e9 et satisfaction.","og_url":"https:\/\/www.jw-etancheite.ch\/","og_site_name":"JW ETANCHEITE","article_modified_time":"2024-11-06T21:48:11+00:00","og_image":[{"width":2722,"height":794,"url":"https:\/\/www.jw-etancheite.ch\/wp-content\/uploads\/2023\/06\/JWE_logo-CH_horizontal_noir.png","type":"image\/png"}],"twitter_card":"summary_large_image","twitter_misc":{"Dur\u00e9e de lecture estim\u00e9e":"2 minutes"},"schema":{"@context":"https:\/\/schema.org","@graph":[{"@type":"WebPage","@id":"https:\/\/www.jw-etancheite.ch\/","url":"https:\/\/www.jw-etancheite.ch\/","name":"Accueil - JW ETANCHEITE","isPartOf":{"@id":"https:\/\/www.jw-etancheite.ch\/#website"},"primaryImageOfPage":{"@id":"https:\/\/www.jw-etancheite.ch\/#primaryimage"},"image":{"@id":"https:\/\/www.jw-etancheite.ch\/#primaryimage"},"thumbnailUrl":"https:\/\/www.jw-etancheite.ch\/wp-content\/uploads\/2023\/06\/JWE_logo-CH_horizontal_noir.png","datePublished":"2021-11-16T19:05:57+00:00","dateModified":"2024-11-06T21:48:11+00:00","description":"JW \u00c9tanch\u00e9it\u00e9 - Experts en \u00e9tanch\u00e9it\u00e9. Services professionnels pour toitures, terrasses et fa\u00e7ades. Qualit\u00e9, durabilit\u00e9 et satisfaction.","breadcrumb":{"@id":"https:\/\/www.jw-etancheite.ch\/#breadcrumb"},"inLanguage":"fr-FR","potentialAction":[{"@type":"ReadAction","target":["https:\/\/www.jw-etancheite.ch\/"]}]},{"@type":"ImageObject","inLanguage":"fr-FR","@id":"https:\/\/www.jw-etancheite.ch\/#primaryimage","url":"https:\/\/www.jw-etancheite.ch\/wp-content\/uploads\/2023\/06\/JWE_logo-CH_horizontal_noir.png","contentUrl":"https:\/\/www.jw-etancheite.ch\/wp-content\/uploads\/2023\/06\/JWE_logo-CH_horizontal_noir.png","width":2722,"height":794},{"@type":"BreadcrumbList","@id":"https:\/\/www.jw-etancheite.ch\/#breadcrumb","itemListElement":[{"@type":"ListItem","position":1,"name":"Accueil","item":"https:\/\/www.jw-etancheite.ch\/"},{"@type":"ListItem","position":2,"name":"Accueil"}]},{"@type":"WebSite","@id":"https:\/\/www.jw-etancheite.ch\/#website","url":"https:\/\/www.jw-etancheite.ch\/","name":"JW ETANCHEITE","description":"La qualit\u00e9 du service avant tout","publisher":{"@id":"https:\/\/www.jw-etancheite.ch\/#organization"},"potentialAction":[{"@type":"SearchAction","target":{"@type":"EntryPoint","urlTemplate":"https:\/\/www.jw-etancheite.ch\/?s={search_term_string}"},"query-input":{"@type":"PropertyValueSpecification","valueRequired":true,"valueName":"search_term_string"}}],"inLanguage":"fr-FR"},{"@type":"Organization","@id":"https:\/\/www.jw-etancheite.ch\/#organization","name":"JW ETANCHEITE","url":"https:\/\/www.jw-etancheite.ch\/","logo":{"@type":"ImageObject","inLanguage":"fr-FR","@id":"https:\/\/www.jw-etancheite.ch\/#\/schema\/logo\/image\/","url":"https:\/\/www.jw-etancheite.ch\/wp-content\/uploads\/2021\/11\/cropped-cropped-logo-jw-etancheite-fond-e1638542175981.png","contentUrl":"https:\/\/www.jw-etancheite.ch\/wp-content\/uploads\/2021\/11\/cropped-cropped-logo-jw-etancheite-fond-e1638542175981.png","width":2979,"height":1381,"caption":"JW ETANCHEITE"},"image":{"@id":"https:\/\/www.jw-etancheite.ch\/#\/schema\/logo\/image\/"}}]}},"_links":{"self":[{"href":"https:\/\/www.jw-etancheite.ch\/index.php\/wp-json\/wp\/v2\/pages\/7","targetHints":{"allow":["GET"]}}],"collection":[{"href":"https:\/\/www.jw-etancheite.ch\/index.php\/wp-json\/wp\/v2\/pages"}],"about":[{"href":"https:\/\/www.jw-etancheite.ch\/index.php\/wp-json\/wp\/v2\/types\/page"}],"author":[{"embeddable":true,"href":"https:\/\/www.jw-etancheite.ch\/index.php\/wp-json\/wp\/v2\/users\/2"}],"replies":[{"embeddable":true,"href":"https:\/\/www.jw-etancheite.ch\/index.php\/wp-json\/wp\/v2\/comments?post=7"}],"version-history":[{"count":25,"href":"https:\/\/www.jw-etancheite.ch\/index.php\/wp-json\/wp\/v2\/pages\/7\/revisions"}],"predecessor-version":[{"id":613,"href":"https:\/\/www.jw-etancheite.ch\/index.php\/wp-json\/wp\/v2\/pages\/7\/revisions\/613"}],"wp:featuredmedia":[{"embeddable":true,"href":"https:\/\/www.jw-etancheite.ch\/index.php\/wp-json\/wp\/v2\/media\/590"}],"wp:attachment":[{"href":"https:\/\/www.jw-etancheite.ch\/index.php\/wp-json\/wp\/v2\/media?parent=7"}],"curies":[{"name":"wp","href":"https:\/\/api.w.org\/{rel}","templated":true}]}}